{"id":15045,"date":"2020-12-22T09:34:23","date_gmt":"2020-12-22T08:34:23","guid":{"rendered":"https:\/\/blog.skokka.com\/es\/?page_id=15045"},"modified":"2022-07-12T17:34:03","modified_gmt":"2022-07-12T15:34:03","slug":"skokka-advierte-amenazas-fraudes","status":"publish","type":"page","link":"https:\/\/blog.skokka.com\/es\/skokka-advierte-amenazas-fraudes\/","title":{"rendered":"Skokka advierte a sus usuarios de amenazas y fraudes"},"content":{"rendered":"\n<p>En <strong>Skokka <\/strong>hemos detectado<strong> una serie de fraudes y amenazas<\/strong> que est\u00e1n llegando a usuarios y anunciantes de nuestro portal <strong>a trav\u00e9s de anuncios falsos<\/strong>. Queremos, a trav\u00e9s de este comunicado, transmitir que Skokka es consciente de ello y trabajamos para evitarlo.<\/p>\n\n\n\n<p>Es por eso que, adem\u00e1s de las <strong>advertencias en todas nuestras redes sociales<\/strong> que hemos lanzado de alerta sobre estas amenazas, queremos dar consejos para que la seguridad de cada uno de nuestros usuarios no se vea afectada.<\/p>\n\n\n\n<p>Adem\u00e1s de proceder al <strong>bloqueo de perfiles que incumplen nuestros t\u00e9rminos y condiciones<\/strong>, estamos llevando a cabo una campa\u00f1a en la que aclaramos que <strong>Skokka no tiene ninguna relaci\u00f3n con lo sucedido<\/strong> ni forma parte de esta trama de amenaza de muerte.<\/p>\n\n\n\n<p>Desde el equipo de Skokka, queremos aclarar que<strong> no tiene representantes de la marca<\/strong>, <strong>salvo comerciales ofertando promociones<\/strong> que exclusivamente se pueden adquirir a trav\u00e9s del sitio web oficial Skokka.com.&nbsp;<\/p>\n\n\n\n<h2 class=\"wp-block-heading\"><strong>Skokka, NUNCA solicitar\u00e1<\/strong>:<\/h2>\n\n\n\n<ul class=\"wp-block-list\"><li>Datos personales a anunciantes y\/o usuarios<\/li><li>Informaci\u00f3n sobre la cuenta de email ni la contrase\u00f1a a trav\u00e9s de la cual se accede de forma personal a la p\u00e1gina (acceso al \u00e1rea privada)<\/li><li>Fotograf\u00edas personales.<\/li><li>No interferimos en la comunicaci\u00f3n entre usuario y anunciante.<\/li><li>Abonos de dinero ni informaci\u00f3n personal sobre datos bancarios<\/li><\/ul>\n\n\n\n<div class=\"wp-block-columns is-layout-flex wp-container-core-columns-is-layout-9d6595d7 wp-block-columns-is-layout-flex\">\n<div class=\"wp-block-column is-layout-flow wp-block-column-is-layout-flow\">\n<figure class=\"wp-block-image size-large\"><img loading=\"lazy\" decoding=\"async\" width=\"1024\" height=\"1024\" src=\"https:\/\/blog.skokka.com\/es\/wp-content\/uploads\/sites\/3\/2020\/12\/01_ES.jpg\" alt=\"\" class=\"wp-image-15058\" srcset=\"https:\/\/blog.skokka.com\/es\/wp-content\/uploads\/sites\/3\/2020\/12\/01_ES.jpg 1024w, https:\/\/blog.skokka.com\/es\/wp-content\/uploads\/sites\/3\/2020\/12\/01_ES-300x300.jpg 300w, https:\/\/blog.skokka.com\/es\/wp-content\/uploads\/sites\/3\/2020\/12\/01_ES-150x150.jpg 150w, https:\/\/blog.skokka.com\/es\/wp-content\/uploads\/sites\/3\/2020\/12\/01_ES-768x768.jpg 768w, https:\/\/blog.skokka.com\/es\/wp-content\/uploads\/sites\/3\/2020\/12\/01_ES-176x176.jpg 176w, https:\/\/blog.skokka.com\/es\/wp-content\/uploads\/sites\/3\/2020\/12\/01_ES-60x60.jpg 60w, https:\/\/blog.skokka.com\/es\/wp-content\/uploads\/sites\/3\/2020\/12\/01_ES-624x624.jpg 624w\" sizes=\"auto, (max-width: 1024px) 100vw, 1024px\" \/><\/figure>\n<\/div>\n\n\n\n<div class=\"wp-block-column is-layout-flow wp-block-column-is-layout-flow\">\n<figure class=\"wp-block-image size-large\"><img loading=\"lazy\" decoding=\"async\" width=\"1024\" height=\"1024\" src=\"https:\/\/blog.skokka.com\/es\/wp-content\/uploads\/sites\/3\/2020\/12\/02_ES-1.jpg\" alt=\"\" class=\"wp-image-15059\" srcset=\"https:\/\/blog.skokka.com\/es\/wp-content\/uploads\/sites\/3\/2020\/12\/02_ES-1.jpg 1024w, https:\/\/blog.skokka.com\/es\/wp-content\/uploads\/sites\/3\/2020\/12\/02_ES-1-300x300.jpg 300w, https:\/\/blog.skokka.com\/es\/wp-content\/uploads\/sites\/3\/2020\/12\/02_ES-1-150x150.jpg 150w, https:\/\/blog.skokka.com\/es\/wp-content\/uploads\/sites\/3\/2020\/12\/02_ES-1-768x768.jpg 768w, https:\/\/blog.skokka.com\/es\/wp-content\/uploads\/sites\/3\/2020\/12\/02_ES-1-176x176.jpg 176w, https:\/\/blog.skokka.com\/es\/wp-content\/uploads\/sites\/3\/2020\/12\/02_ES-1-60x60.jpg 60w, https:\/\/blog.skokka.com\/es\/wp-content\/uploads\/sites\/3\/2020\/12\/02_ES-1-624x624.jpg 624w\" sizes=\"auto, (max-width: 1024px) 100vw, 1024px\" \/><\/figure>\n<\/div>\n\n\n\n<div class=\"wp-block-column is-layout-flow wp-block-column-is-layout-flow\">\n<figure class=\"wp-block-image size-large\"><img loading=\"lazy\" decoding=\"async\" width=\"1024\" height=\"1024\" src=\"https:\/\/blog.skokka.com\/es\/wp-content\/uploads\/sites\/3\/2020\/12\/03_ES.jpg\" alt=\"\" class=\"wp-image-15060\" srcset=\"https:\/\/blog.skokka.com\/es\/wp-content\/uploads\/sites\/3\/2020\/12\/03_ES.jpg 1024w, https:\/\/blog.skokka.com\/es\/wp-content\/uploads\/sites\/3\/2020\/12\/03_ES-300x300.jpg 300w, https:\/\/blog.skokka.com\/es\/wp-content\/uploads\/sites\/3\/2020\/12\/03_ES-150x150.jpg 150w, https:\/\/blog.skokka.com\/es\/wp-content\/uploads\/sites\/3\/2020\/12\/03_ES-768x768.jpg 768w, https:\/\/blog.skokka.com\/es\/wp-content\/uploads\/sites\/3\/2020\/12\/03_ES-176x176.jpg 176w, https:\/\/blog.skokka.com\/es\/wp-content\/uploads\/sites\/3\/2020\/12\/03_ES-60x60.jpg 60w, https:\/\/blog.skokka.com\/es\/wp-content\/uploads\/sites\/3\/2020\/12\/03_ES-624x624.jpg 624w\" sizes=\"auto, (max-width: 1024px) 100vw, 1024px\" \/><\/figure>\n<\/div>\n<\/div>\n\n\n\n<h2 class=\"wp-block-heading\">Skokka alerta de amenazas de muerte<\/h2>\n\n\n\n<p>Estas amenazas que los extorsionadores hacen llegar a trav\u00e9s de la creaci\u00f3n de un anuncio en nuestro portal, consisten en lo siguiente:<\/p>\n\n\n\n<p>Se crean un perfil y, haci\u00e9ndose pasar por un anunciante, ofrecen sus servicios. Es a trav\u00e9s de ese anuncio cuando estas personas toman contacto con los usuarios y obtienen informaci\u00f3n privada, como pueden ser n\u00fameros de tel\u00e9fono o determinados datos personales.&nbsp;<\/p>\n\n\n\n<p>Skokka advierte que la extorsi\u00f3n y las amenazas llegan a los usuarios a trav\u00e9s de mensajes como el siguiente:<\/p>\n\n\n\n<p><em>\u201cSaludo compa le habla el PROXANETA de la casa de servicios de SKOKKA y encargado de lo SICARIO Y de la agencia de chicas le habla el se\u00f1or \u00c1NGEL RASCAR aqu\u00ed vemos que tiene varios report\u00e9 de var\u00eda chicas que s\u00f3lo te la pasa molestando y pidiendo informaci\u00f3n la chicas andan trabajando no son relajos para aserla perder el tiempo ya que tenemos regla la agencia as perdido dinero por qu\u00e9 las chicas HAN cancelado servicio hablando con usted ya sabe c\u00f3mo funcionan ac\u00e1 lo carteles mexicano ac\u00e1 en peru si no quiere que esto pase a problema personal con usted y su familia lo mejor ser\u00eda que lleguemos a un acuerdo por la buena ya que tengo 8 de mi mejores hombre por la zona de su localidad esperando que usted me de una repuesta ya que si no me responde o me blokea le dar\u00e9 orden que lo traigan ac\u00e1 a nuestro rancho para hacerle pagar a la mala o que lo levante de inmediato y me traigan su cabeza ac\u00e1 NO QUIERO INVOLUCRAR SU FAMILIA espero su repuesta si quieres ARREGLAR esto por la BUENA o PROCEDEMOS por la MALA\u201d<\/em><\/p>\n\n\n\n<div class=\"wp-block-image\"><figure class=\"aligncenter size-full is-resized\"><img loading=\"lazy\" decoding=\"async\" src=\"https:\/\/blog.skokka.com\/es\/wp-content\/uploads\/sites\/3\/2020\/12\/skokka-amenazas-proxaneta-1.jpg\" alt=\"\" class=\"wp-image-15056\" width=\"252\" height=\"401\" srcset=\"https:\/\/blog.skokka.com\/es\/wp-content\/uploads\/sites\/3\/2020\/12\/skokka-amenazas-proxaneta-1.jpg 336w, https:\/\/blog.skokka.com\/es\/wp-content\/uploads\/sites\/3\/2020\/12\/skokka-amenazas-proxaneta-1-189x300.jpg 189w\" sizes=\"auto, (max-width: 252px) 100vw, 252px\" \/><\/figure><\/div>\n\n\n\n<p>Se lanzan mensajes con amenaza de muerte en Ecuador con sicarios y con amenaza de muerte en Costa Rica a trav\u00e9s de c\u00e1rteles, pidiendo remuneraciones econ\u00f3micas y haci\u00e9ndose pasar por personas que pertenecen a nuestro equipo. Mensajes con amenaza de muerte que incluso tambi\u00e9n se han registrado en Per\u00fa. <strong>INFORMACI\u00d3N TOTALMENTE FALSA<\/strong>.<\/p>\n\n\n\n<h2 class=\"wp-block-heading\">Skokka advierte sobre fraudes<\/h2>\n\n\n\n<p>Tambi\u00e9n nos hemos hecho eco de otro fraude. Se trata de un documento con un sello y firmado por un representante que se hace llamar Darwin Esteban Maldonado Coba. En este caso se trata \u00abde una supuesta multa que Skokka genera por el mal uso de la cuenta\u00bb. LO QUE ES COMPLETAMENTE FALSO. <\/p>\n\n\n\n<p>En Skokka reiteramos en que NUNCA intermediamos en las relaciones entre anunciantes y usuarios por lo que confirmamos que este documento es FALSO y que el se\u00f1or Darwin Esteban no es ning\u00fan representante de Skokka. As\u00ed como el sello adjunto en el documento. <\/p>\n\n\n\n<p>Es por ello que Skokka recomienda ignorarlo por completo o contactar con nosotros a trav\u00e9s del equipo de soporte para poder detener su circulaci\u00f3n.<\/p>\n\n\n\n<figure class=\"wp-block-image size-large\"><img loading=\"lazy\" decoding=\"async\" width=\"1024\" height=\"576\" src=\"https:\/\/blog.skokka.com\/es\/wp-content\/uploads\/sites\/3\/2021\/01\/Blog_Post_ES-1024x576.jpg\" alt=\"estafas skokka documento falso\" class=\"wp-image-15098\" srcset=\"https:\/\/blog.skokka.com\/es\/wp-content\/uploads\/sites\/3\/2021\/01\/Blog_Post_ES-1024x576.jpg 1024w, https:\/\/blog.skokka.com\/es\/wp-content\/uploads\/sites\/3\/2021\/01\/Blog_Post_ES-300x169.jpg 300w, https:\/\/blog.skokka.com\/es\/wp-content\/uploads\/sites\/3\/2021\/01\/Blog_Post_ES-768x432.jpg 768w, https:\/\/blog.skokka.com\/es\/wp-content\/uploads\/sites\/3\/2021\/01\/Blog_Post_ES-624x351.jpg 624w, https:\/\/blog.skokka.com\/es\/wp-content\/uploads\/sites\/3\/2021\/01\/Blog_Post_ES.jpg 1200w\" sizes=\"auto, (max-width: 1024px) 100vw, 1024px\" \/><\/figure>\n\n\n\n<p>En Skokka somos conscientes del da\u00f1o que estas estafas y amenazas causan a muchos de nuestros usuarios y anunciantes, adem\u00e1s de a la propia marca <strong>poniendo en entredicho la seguridad y la imagen de nuestro sitio<\/strong>.&nbsp;<br>En el caso de recibir alg\u00fan<strong> mensaje sospechoso de suplantaci\u00f3n de identidad<\/strong>, rogamos lo <strong>reportes r\u00e1pidamente al departamento de soporte<\/strong> de Skokka para que pueda actuar al respecto.<\/p>\n\n\n\n<div class=\"wp-block-image\"><figure class=\"aligncenter size-large\"><img loading=\"lazy\" decoding=\"async\" width=\"600\" height=\"600\" src=\"https:\/\/blog.skokka.com\/es\/wp-content\/uploads\/sites\/3\/2020\/12\/Support-Skokka-Amenazas.jpg\" alt=\"\" class=\"wp-image-15067\" srcset=\"https:\/\/blog.skokka.com\/es\/wp-content\/uploads\/sites\/3\/2020\/12\/Support-Skokka-Amenazas.jpg 600w, https:\/\/blog.skokka.com\/es\/wp-content\/uploads\/sites\/3\/2020\/12\/Support-Skokka-Amenazas-300x300.jpg 300w, https:\/\/blog.skokka.com\/es\/wp-content\/uploads\/sites\/3\/2020\/12\/Support-Skokka-Amenazas-150x150.jpg 150w, https:\/\/blog.skokka.com\/es\/wp-content\/uploads\/sites\/3\/2020\/12\/Support-Skokka-Amenazas-176x176.jpg 176w, https:\/\/blog.skokka.com\/es\/wp-content\/uploads\/sites\/3\/2020\/12\/Support-Skokka-Amenazas-60x60.jpg 60w\" sizes=\"auto, (max-width: 600px) 100vw, 600px\" \/><\/figure><\/div>\n","protected":false},"excerpt":{"rendered":"<p>En Skokka hemos detectado una serie de fraudes y amenazas que est\u00e1n llegando a usuarios y anunciantes de nuestro portal a trav\u00e9s de anuncios falsos. Queremos, a trav\u00e9s de este comunicado, transmitir que Skokka es consciente de ello y trabajamos para evitarlo. Es por eso que, adem\u00e1s de las advertencias en todas nuestras redes sociales [&#8230;]<\/p>\n","protected":false},"author":9,"featured_media":15059,"parent":0,"menu_order":0,"comment_status":"closed","ping_status":"closed","template":"","meta":{"_et_pb_use_builder":"","_et_pb_old_content":"","_et_gb_content_width":"","footnotes":""},"class_list":["post-15045","page","type-page","status-publish","has-post-thumbnail","hentry"],"yoast_head":"<!-- This site is optimized with the Yoast SEO plugin v27.1.1 - https:\/\/yoast.com\/product\/yoast-seo-wordpress\/ -->\n<title>Skokka advierte a sus usuarios de amenazas y fraudes<\/title>\n<meta name=\"description\" content=\"En Skokka hemos detectado una serie de fraudes y amenazas usuarios y anunciantes de nuestro portal a trav\u00e9s de anuncios falsos. \u00a1Te ayudamos a protegerte!\" \/>\n<meta name=\"robots\" content=\"index, follow, max-snippet:-1, max-image-preview:large, max-video-preview:-1\" \/>\n<link rel=\"canonical\" href=\"https:\/\/blog.skokka.com\/es\/skokka-advierte-amenazas-fraudes\/\" \/>\n<meta property=\"og:locale\" content=\"es_ES\" \/>\n<meta property=\"og:type\" content=\"article\" \/>\n<meta property=\"og:title\" content=\"Skokka advierte a sus usuarios de amenazas y fraudes\" \/>\n<meta property=\"og:description\" content=\"Detectados fraudes y amenazas que a trav\u00e9s de anuncios falsos.\" \/>\n<meta property=\"og:url\" content=\"https:\/\/blog.skokka.com\/es\/skokka-advierte-amenazas-fraudes\/\" \/>\n<meta property=\"og:site_name\" content=\"Blog oficial de Skokka\" \/>\n<meta property=\"article:modified_time\" content=\"2022-07-12T15:34:03+00:00\" \/>\n<meta property=\"og:image\" content=\"https:\/\/blog.skokka.com\/es\/wp-content\/uploads\/sites\/3\/2020\/12\/02.jpg\" \/>\n\t<meta property=\"og:image:width\" content=\"1024\" \/>\n\t<meta property=\"og:image:height\" content=\"576\" \/>\n\t<meta property=\"og:image:type\" content=\"image\/jpeg\" \/>\n<meta name=\"twitter:card\" content=\"summary_large_image\" \/>\n<meta name=\"twitter:title\" content=\"Skokka advierte a sus usuarios de amenazas y fraudes\" \/>\n<meta name=\"twitter:description\" content=\"Detectados fraudes y amenazas que a trav\u00e9s de anuncios falsos.\" \/>\n<meta name=\"twitter:image\" content=\"https:\/\/blog.skokka.com\/es\/wp-content\/uploads\/sites\/3\/2020\/12\/02.jpg\" \/>\n<meta name=\"twitter:label1\" content=\"Tiempo de lectura\" \/>\n\t<meta name=\"twitter:data1\" content=\"4 minutos\" \/>\n<script type=\"application\/ld+json\" class=\"yoast-schema-graph\">{\"@context\":\"https:\/\/schema.org\",\"@graph\":[{\"@type\":\"WebPage\",\"@id\":\"https:\/\/blog.skokka.com\/es\/skokka-advierte-amenazas-fraudes\/\",\"url\":\"https:\/\/blog.skokka.com\/es\/skokka-advierte-amenazas-fraudes\/\",\"name\":\"Skokka advierte a sus usuarios de amenazas y fraudes\",\"isPartOf\":{\"@id\":\"https:\/\/blog.skokka.com\/es\/#website\"},\"primaryImageOfPage\":{\"@id\":\"https:\/\/blog.skokka.com\/es\/skokka-advierte-amenazas-fraudes\/#primaryimage\"},\"image\":{\"@id\":\"https:\/\/blog.skokka.com\/es\/skokka-advierte-amenazas-fraudes\/#primaryimage\"},\"thumbnailUrl\":\"https:\/\/blog.skokka.com\/es\/wp-content\/uploads\/sites\/3\/2020\/12\/02_ES-1.jpg\",\"datePublished\":\"2020-12-22T08:34:23+00:00\",\"dateModified\":\"2022-07-12T15:34:03+00:00\",\"description\":\"En Skokka hemos detectado una serie de fraudes y amenazas usuarios y anunciantes de nuestro portal a trav\u00e9s de anuncios falsos. \u00a1Te ayudamos a protegerte!\",\"breadcrumb\":{\"@id\":\"https:\/\/blog.skokka.com\/es\/skokka-advierte-amenazas-fraudes\/#breadcrumb\"},\"inLanguage\":\"es\",\"potentialAction\":[{\"@type\":\"ReadAction\",\"target\":[\"https:\/\/blog.skokka.com\/es\/skokka-advierte-amenazas-fraudes\/\"]}]},{\"@type\":\"ImageObject\",\"inLanguage\":\"es\",\"@id\":\"https:\/\/blog.skokka.com\/es\/skokka-advierte-amenazas-fraudes\/#primaryimage\",\"url\":\"https:\/\/blog.skokka.com\/es\/wp-content\/uploads\/sites\/3\/2020\/12\/02_ES-1.jpg\",\"contentUrl\":\"https:\/\/blog.skokka.com\/es\/wp-content\/uploads\/sites\/3\/2020\/12\/02_ES-1.jpg\",\"width\":1024,\"height\":1024},{\"@type\":\"BreadcrumbList\",\"@id\":\"https:\/\/blog.skokka.com\/es\/skokka-advierte-amenazas-fraudes\/#breadcrumb\",\"itemListElement\":[{\"@type\":\"ListItem\",\"position\":1,\"name\":\"Portada\",\"item\":\"https:\/\/blog.skokka.com\/es\/\"},{\"@type\":\"ListItem\",\"position\":2,\"name\":\"Skokka advierte a sus usuarios de amenazas y fraudes\"}]},{\"@type\":\"WebSite\",\"@id\":\"https:\/\/blog.skokka.com\/es\/#website\",\"url\":\"https:\/\/blog.skokka.com\/es\/\",\"name\":\"Blog oficial de Skokka\",\"description\":\"Skokka en espa\u00f1ol\",\"publisher\":{\"@id\":\"https:\/\/blog.skokka.com\/es\/#organization\"},\"potentialAction\":[{\"@type\":\"SearchAction\",\"target\":{\"@type\":\"EntryPoint\",\"urlTemplate\":\"https:\/\/blog.skokka.com\/es\/?s={search_term_string}\"},\"query-input\":{\"@type\":\"PropertyValueSpecification\",\"valueRequired\":true,\"valueName\":\"search_term_string\"}}],\"inLanguage\":\"es\"},{\"@type\":\"Organization\",\"@id\":\"https:\/\/blog.skokka.com\/es\/#organization\",\"name\":\"Skokka\",\"url\":\"https:\/\/blog.skokka.com\/es\/\",\"logo\":{\"@type\":\"ImageObject\",\"inLanguage\":\"es\",\"@id\":\"https:\/\/blog.skokka.com\/es\/#\/schema\/logo\/image\/\",\"url\":\"https:\/\/blog.skokka.com\/es\/wp-content\/uploads\/sites\/3\/2017\/11\/logo_skokka-1.png\",\"contentUrl\":\"https:\/\/blog.skokka.com\/es\/wp-content\/uploads\/sites\/3\/2017\/11\/logo_skokka-1.png\",\"width\":300,\"height\":300,\"caption\":\"Skokka\"},\"image\":{\"@id\":\"https:\/\/blog.skokka.com\/es\/#\/schema\/logo\/image\/\"}}]}<\/script>\n<!-- \/ Yoast SEO plugin. -->","yoast_head_json":{"title":"Skokka advierte a sus usuarios de amenazas y fraudes","description":"En Skokka hemos detectado una serie de fraudes y amenazas usuarios y anunciantes de nuestro portal a trav\u00e9s de anuncios falsos. \u00a1Te ayudamos a protegerte!","robots":{"index":"index","follow":"follow","max-snippet":"max-snippet:-1","max-image-preview":"max-image-preview:large","max-video-preview":"max-video-preview:-1"},"canonical":"https:\/\/blog.skokka.com\/es\/skokka-advierte-amenazas-fraudes\/","og_locale":"es_ES","og_type":"article","og_title":"Skokka advierte a sus usuarios de amenazas y fraudes","og_description":"Detectados fraudes y amenazas que a trav\u00e9s de anuncios falsos.","og_url":"https:\/\/blog.skokka.com\/es\/skokka-advierte-amenazas-fraudes\/","og_site_name":"Blog oficial de Skokka","article_modified_time":"2022-07-12T15:34:03+00:00","og_image":[{"width":1024,"height":576,"url":"https:\/\/blog.skokka.com\/es\/wp-content\/uploads\/sites\/3\/2020\/12\/02.jpg","type":"image\/jpeg"}],"twitter_card":"summary_large_image","twitter_title":"Skokka advierte a sus usuarios de amenazas y fraudes","twitter_description":"Detectados fraudes y amenazas que a trav\u00e9s de anuncios falsos.","twitter_image":"https:\/\/blog.skokka.com\/es\/wp-content\/uploads\/sites\/3\/2020\/12\/02.jpg","twitter_misc":{"Tiempo de lectura":"4 minutos"},"schema":{"@context":"https:\/\/schema.org","@graph":[{"@type":"WebPage","@id":"https:\/\/blog.skokka.com\/es\/skokka-advierte-amenazas-fraudes\/","url":"https:\/\/blog.skokka.com\/es\/skokka-advierte-amenazas-fraudes\/","name":"Skokka advierte a sus usuarios de amenazas y fraudes","isPartOf":{"@id":"https:\/\/blog.skokka.com\/es\/#website"},"primaryImageOfPage":{"@id":"https:\/\/blog.skokka.com\/es\/skokka-advierte-amenazas-fraudes\/#primaryimage"},"image":{"@id":"https:\/\/blog.skokka.com\/es\/skokka-advierte-amenazas-fraudes\/#primaryimage"},"thumbnailUrl":"https:\/\/blog.skokka.com\/es\/wp-content\/uploads\/sites\/3\/2020\/12\/02_ES-1.jpg","datePublished":"2020-12-22T08:34:23+00:00","dateModified":"2022-07-12T15:34:03+00:00","description":"En Skokka hemos detectado una serie de fraudes y amenazas usuarios y anunciantes de nuestro portal a trav\u00e9s de anuncios falsos. \u00a1Te ayudamos a protegerte!","breadcrumb":{"@id":"https:\/\/blog.skokka.com\/es\/skokka-advierte-amenazas-fraudes\/#breadcrumb"},"inLanguage":"es","potentialAction":[{"@type":"ReadAction","target":["https:\/\/blog.skokka.com\/es\/skokka-advierte-amenazas-fraudes\/"]}]},{"@type":"ImageObject","inLanguage":"es","@id":"https:\/\/blog.skokka.com\/es\/skokka-advierte-amenazas-fraudes\/#primaryimage","url":"https:\/\/blog.skokka.com\/es\/wp-content\/uploads\/sites\/3\/2020\/12\/02_ES-1.jpg","contentUrl":"https:\/\/blog.skokka.com\/es\/wp-content\/uploads\/sites\/3\/2020\/12\/02_ES-1.jpg","width":1024,"height":1024},{"@type":"BreadcrumbList","@id":"https:\/\/blog.skokka.com\/es\/skokka-advierte-amenazas-fraudes\/#breadcrumb","itemListElement":[{"@type":"ListItem","position":1,"name":"Portada","item":"https:\/\/blog.skokka.com\/es\/"},{"@type":"ListItem","position":2,"name":"Skokka advierte a sus usuarios de amenazas y fraudes"}]},{"@type":"WebSite","@id":"https:\/\/blog.skokka.com\/es\/#website","url":"https:\/\/blog.skokka.com\/es\/","name":"Blog oficial de Skokka","description":"Skokka en espa\u00f1ol","publisher":{"@id":"https:\/\/blog.skokka.com\/es\/#organization"},"potentialAction":[{"@type":"SearchAction","target":{"@type":"EntryPoint","urlTemplate":"https:\/\/blog.skokka.com\/es\/?s={search_term_string}"},"query-input":{"@type":"PropertyValueSpecification","valueRequired":true,"valueName":"search_term_string"}}],"inLanguage":"es"},{"@type":"Organization","@id":"https:\/\/blog.skokka.com\/es\/#organization","name":"Skokka","url":"https:\/\/blog.skokka.com\/es\/","logo":{"@type":"ImageObject","inLanguage":"es","@id":"https:\/\/blog.skokka.com\/es\/#\/schema\/logo\/image\/","url":"https:\/\/blog.skokka.com\/es\/wp-content\/uploads\/sites\/3\/2017\/11\/logo_skokka-1.png","contentUrl":"https:\/\/blog.skokka.com\/es\/wp-content\/uploads\/sites\/3\/2017\/11\/logo_skokka-1.png","width":300,"height":300,"caption":"Skokka"},"image":{"@id":"https:\/\/blog.skokka.com\/es\/#\/schema\/logo\/image\/"}}]}},"_links":{"self":[{"href":"https:\/\/blog.skokka.com\/es\/wp-json\/wp\/v2\/pages\/15045","targetHints":{"allow":["GET"]}}],"collection":[{"href":"https:\/\/blog.skokka.com\/es\/wp-json\/wp\/v2\/pages"}],"about":[{"href":"https:\/\/blog.skokka.com\/es\/wp-json\/wp\/v2\/types\/page"}],"author":[{"embeddable":true,"href":"https:\/\/blog.skokka.com\/es\/wp-json\/wp\/v2\/users\/9"}],"replies":[{"embeddable":true,"href":"https:\/\/blog.skokka.com\/es\/wp-json\/wp\/v2\/comments?post=15045"}],"version-history":[{"count":20,"href":"https:\/\/blog.skokka.com\/es\/wp-json\/wp\/v2\/pages\/15045\/revisions"}],"predecessor-version":[{"id":15525,"href":"https:\/\/blog.skokka.com\/es\/wp-json\/wp\/v2\/pages\/15045\/revisions\/15525"}],"wp:featuredmedia":[{"embeddable":true,"href":"https:\/\/blog.skokka.com\/es\/wp-json\/wp\/v2\/media\/15059"}],"wp:attachment":[{"href":"https:\/\/blog.skokka.com\/es\/wp-json\/wp\/v2\/media?parent=15045"}],"curies":[{"name":"wp","href":"https:\/\/api.w.org\/{rel}","templated":true}]}}