{"id":888,"date":"2020-12-22T09:42:07","date_gmt":"2020-12-22T09:42:07","guid":{"rendered":"https:\/\/blog.skokka.com\/en\/?page_id=888"},"modified":"2021-01-25T08:30:04","modified_gmt":"2021-01-25T08:30:04","slug":"skokka-warns-scams-frauds","status":"publish","type":"page","link":"https:\/\/blog.skokka.com\/en\/skokka-warns-scams-frauds\/","title":{"rendered":"Skokka warns its users about scams and frauds"},"content":{"rendered":"\n<p>In <strong>Skokka <\/strong>we have detected a series of <strong>frauds and scams <\/strong>that are reaching users and advertisers of our portal <strong>through fake ads<\/strong>. We want, through this statement, to transmit that Skokka is aware of such issues and that we are working to avoid them.<\/p>\n\n\n\n<p>That is why, in addition to the <strong>warnings <\/strong>that we have posted about these threats <strong>in all our social networks<\/strong>, we want to give some advice so that the security of each of our users is not affected.<\/p>\n\n\n\n<p>In addition to <strong>blocking false profiles<\/strong>, once they have been reported to the support department and their veracity has been verified, we are carrying out a campaign in which we clarify that <strong>Skokka has nothing to do with what has happened <\/strong>and is not part of this web of threats.<\/p>\n\n\n\n<p>As the Skokka team, we want to clarify that we <strong>do not have representatives of the brand<\/strong>, except for <strong>commercials offering promotions<\/strong> that can only be purchased through the official website Skokka.com.<\/p>\n\n\n\n<h2><strong>Skokka, will NEVER ask for<\/strong>:<\/h2>\n\n\n\n<ul class=\"wp-block-list\"><li>Personal data to advertisers and\/or users<\/li><li>Information about the email account and password through which you can personally access the page (access to the private area)<\/li><li>Personal photographs<\/li><li>We do not interfere in the communication between user and advertiser<\/li><li>Money, bank deposits or personal information about bank details<\/li><\/ul>\n\n\n\n<div class=\"wp-block-columns is-layout-flex wp-container-core-columns-is-layout-9d6595d7 wp-block-columns-is-layout-flex\">\n<div class=\"wp-block-column is-layout-flow wp-block-column-is-layout-flow\">\n<div class=\"wp-block-image\"><figure class=\"aligncenter size-large\"><img loading=\"lazy\" decoding=\"async\" width=\"1024\" height=\"1024\" src=\"https:\/\/blog.skokka.com\/en\/wp-content\/uploads\/sites\/4\/2020\/12\/01_EN.jpg\" alt=\"\" class=\"wp-image-889\" srcset=\"https:\/\/blog.skokka.com\/en\/wp-content\/uploads\/sites\/4\/2020\/12\/01_EN.jpg 1024w, https:\/\/blog.skokka.com\/en\/wp-content\/uploads\/sites\/4\/2020\/12\/01_EN-300x300.jpg 300w, https:\/\/blog.skokka.com\/en\/wp-content\/uploads\/sites\/4\/2020\/12\/01_EN-150x150.jpg 150w, https:\/\/blog.skokka.com\/en\/wp-content\/uploads\/sites\/4\/2020\/12\/01_EN-768x768.jpg 768w, https:\/\/blog.skokka.com\/en\/wp-content\/uploads\/sites\/4\/2020\/12\/01_EN-176x176.jpg 176w, https:\/\/blog.skokka.com\/en\/wp-content\/uploads\/sites\/4\/2020\/12\/01_EN-60x60.jpg 60w, https:\/\/blog.skokka.com\/en\/wp-content\/uploads\/sites\/4\/2020\/12\/01_EN-624x624.jpg 624w\" sizes=\"auto, (max-width: 1024px) 100vw, 1024px\" \/><\/figure><\/div>\n<\/div>\n\n\n\n<div class=\"wp-block-column is-layout-flow wp-block-column-is-layout-flow\">\n<div class=\"wp-block-image\"><figure class=\"aligncenter size-large\"><img loading=\"lazy\" decoding=\"async\" width=\"1024\" height=\"1024\" src=\"https:\/\/blog.skokka.com\/en\/wp-content\/uploads\/sites\/4\/2020\/12\/02_EN.jpg\" alt=\"\" class=\"wp-image-890\" srcset=\"https:\/\/blog.skokka.com\/en\/wp-content\/uploads\/sites\/4\/2020\/12\/02_EN.jpg 1024w, https:\/\/blog.skokka.com\/en\/wp-content\/uploads\/sites\/4\/2020\/12\/02_EN-300x300.jpg 300w, https:\/\/blog.skokka.com\/en\/wp-content\/uploads\/sites\/4\/2020\/12\/02_EN-150x150.jpg 150w, https:\/\/blog.skokka.com\/en\/wp-content\/uploads\/sites\/4\/2020\/12\/02_EN-768x768.jpg 768w, https:\/\/blog.skokka.com\/en\/wp-content\/uploads\/sites\/4\/2020\/12\/02_EN-176x176.jpg 176w, https:\/\/blog.skokka.com\/en\/wp-content\/uploads\/sites\/4\/2020\/12\/02_EN-60x60.jpg 60w, https:\/\/blog.skokka.com\/en\/wp-content\/uploads\/sites\/4\/2020\/12\/02_EN-624x624.jpg 624w\" sizes=\"auto, (max-width: 1024px) 100vw, 1024px\" \/><\/figure><\/div>\n<\/div>\n\n\n\n<div class=\"wp-block-column is-layout-flow wp-block-column-is-layout-flow\">\n<div class=\"wp-block-image\"><figure class=\"aligncenter size-large\"><img loading=\"lazy\" decoding=\"async\" width=\"1024\" height=\"1024\" src=\"https:\/\/blog.skokka.com\/en\/wp-content\/uploads\/sites\/4\/2020\/12\/03_EN.jpg\" alt=\"\" class=\"wp-image-891\" srcset=\"https:\/\/blog.skokka.com\/en\/wp-content\/uploads\/sites\/4\/2020\/12\/03_EN.jpg 1024w, https:\/\/blog.skokka.com\/en\/wp-content\/uploads\/sites\/4\/2020\/12\/03_EN-300x300.jpg 300w, https:\/\/blog.skokka.com\/en\/wp-content\/uploads\/sites\/4\/2020\/12\/03_EN-150x150.jpg 150w, https:\/\/blog.skokka.com\/en\/wp-content\/uploads\/sites\/4\/2020\/12\/03_EN-768x768.jpg 768w, https:\/\/blog.skokka.com\/en\/wp-content\/uploads\/sites\/4\/2020\/12\/03_EN-176x176.jpg 176w, https:\/\/blog.skokka.com\/en\/wp-content\/uploads\/sites\/4\/2020\/12\/03_EN-60x60.jpg 60w, https:\/\/blog.skokka.com\/en\/wp-content\/uploads\/sites\/4\/2020\/12\/03_EN-624x624.jpg 624w\" sizes=\"auto, (max-width: 1024px) 100vw, 1024px\" \/><\/figure><\/div>\n<\/div>\n<\/div>\n\n\n\n<p>These threats that extortionists make by creating an advertisement on our portal, consist of the following:<\/p>\n\n\n\n<p>They create a profile and, posing as an advertiser, offer their services. It is through this advertisement that these people make contact with users and obtain private information, such as telephone numbers or certain personal data.<\/p>\n\n\n\n<p>Extortion and threats reach users through messages such as the following, in Spanish:<\/p>\n\n\n\n<p><em>\u201cSaludo compa le habla el PROXANETA de la casa de servicios de SKOKKA y encargado de lo SICARIO Y de la agencia de chicas le habla el se\u00f1or \u00c1NGEL RASCAR aqu\u00ed vemos que tiene varios report\u00e9 de var\u00eda chicas que s\u00f3lo te la pasa molestando y pidiendo informaci\u00f3n la chicas andan trabajando no son relajos para aserla perder el tiempo ya que tenemos regla la agencia as perdido dinero por qu\u00e9 las chicas HAN cancelado servicio hablando con usted ya sabe c\u00f3mo funcionan ac\u00e1 lo carteles mexicano ac\u00e1 en peru si no quiere que esto pase a problema personal con usted y su familia lo mejor ser\u00eda que lleguemos a un acuerdo por la buena ya que tengo 8 de mi mejores hombre por la zona de su localidad esperando que usted me de una repuesta ya que si no me responde o me blokea le dar\u00e9 orden que lo traigan ac\u00e1 a nuestro rancho para hacerle pagar a la mala o que lo levante de inmediato y me traigan su cabeza ac\u00e1 NO QUIERO INVOLUCRAR SU FAMILIA espero su repuesta si quieres ARREGLAR esto por la BUENA o PROCEDEMOS por la MALA\u201d<\/em><\/p>\n\n\n\n<div class=\"wp-block-image\"><figure class=\"aligncenter size-large is-resized\"><img loading=\"lazy\" decoding=\"async\" src=\"https:\/\/blog.skokka.com\/es\/wp-content\/uploads\/sites\/3\/2020\/12\/skokka-amenazas-proxaneta-1.jpg\" alt=\"\" width=\"252\" height=\"401\" \/><\/figure><\/div>\n\n\n\n<p>Threats are made with hitmen and through cartels, asking for financial compensation and posing as people who belong to our team. <strong>TOTALLY FALSE INFORMATION<\/strong>.<\/p>\n\n\n\n<h2 class=\"wp-block-heading\">Skokka warns about scams<\/h2>\n\n\n\n<p>We have also reported another fraud. It is a document with a stamp and signed by a representative\u00a0calling himself Darwin Esteban Maldonado Coba. In this case it is &#8220;an alleged fine that Skokka generates for misuse of the account&#8221;. WHICH IS COMPLETELY FAKE.<\/p>\n\n\n\n<p>In Skokka we reiterate that we NEVER intermediate in the relationship between advertisers and users so we confirm that this document is FAKE and that Mr. Darwin Esteban is not a representative\u00a0of Skokka. As well as the stamp attached to the document. <\/p>\n\n\n\n<p>Skokka therefore recommends ignoring it completely or contacting us through our support team in order to stop its circulation.<\/p>\n\n\n\n<figure class=\"wp-block-image size-large\"><img loading=\"lazy\" decoding=\"async\" width=\"1024\" height=\"576\" src=\"https:\/\/blog.skokka.com\/en\/wp-content\/uploads\/sites\/4\/2021\/01\/Blog_Post_EN-1-1024x576.jpg\" alt=\"\" class=\"wp-image-931\" srcset=\"https:\/\/blog.skokka.com\/en\/wp-content\/uploads\/sites\/4\/2021\/01\/Blog_Post_EN-1-1024x576.jpg 1024w, https:\/\/blog.skokka.com\/en\/wp-content\/uploads\/sites\/4\/2021\/01\/Blog_Post_EN-1-300x169.jpg 300w, https:\/\/blog.skokka.com\/en\/wp-content\/uploads\/sites\/4\/2021\/01\/Blog_Post_EN-1-768x432.jpg 768w, https:\/\/blog.skokka.com\/en\/wp-content\/uploads\/sites\/4\/2021\/01\/Blog_Post_EN-1-624x351.jpg 624w, https:\/\/blog.skokka.com\/en\/wp-content\/uploads\/sites\/4\/2021\/01\/Blog_Post_EN-1.jpg 1200w\" sizes=\"auto, (max-width: 1024px) 100vw, 1024px\" \/><\/figure>\n\n\n\n<p>In Skokka we are aware of the damage that these scams and threats cause to many of our users and advertisers, as well as to the brand itself by <strong>questioning the security and image of our site<\/strong>.&nbsp;<\/p>\n\n\n\n<p>If you receive any <strong>suspicious phishing messages<\/strong>, please <strong>report them promptly to Skokka support<\/strong> so that we can take action. The contact method is via email to <a href=\"mailto:support@skokka.com\" target=\"_blank\" rel=\"noreferrer noopener\">support@skokka.com<\/a><\/p>\n\n\n\n<div class=\"wp-block-image\"><figure class=\"aligncenter size-large\"><img loading=\"lazy\" decoding=\"async\" width=\"600\" height=\"600\" src=\"https:\/\/blog.skokka.com\/en\/wp-content\/uploads\/sites\/4\/2020\/12\/Support_EN.jpg\" alt=\"\" class=\"wp-image-894\" srcset=\"https:\/\/blog.skokka.com\/en\/wp-content\/uploads\/sites\/4\/2020\/12\/Support_EN.jpg 600w, https:\/\/blog.skokka.com\/en\/wp-content\/uploads\/sites\/4\/2020\/12\/Support_EN-300x300.jpg 300w, https:\/\/blog.skokka.com\/en\/wp-content\/uploads\/sites\/4\/2020\/12\/Support_EN-150x150.jpg 150w, https:\/\/blog.skokka.com\/en\/wp-content\/uploads\/sites\/4\/2020\/12\/Support_EN-176x176.jpg 176w, https:\/\/blog.skokka.com\/en\/wp-content\/uploads\/sites\/4\/2020\/12\/Support_EN-60x60.jpg 60w\" sizes=\"auto, (max-width: 600px) 100vw, 600px\" \/><\/figure><\/div>\n","protected":false},"excerpt":{"rendered":"<p>In Skokka we have detected a series of frauds and scams that are reaching users and advertisers of our portal through fake ads. We want, through this statement, to transmit that Skokka is aware of such issues and that we are working to avoid them. That is why, in addition to the warnings that we [&#8230;]<\/p>\n","protected":false},"author":9,"featured_media":890,"parent":0,"menu_order":0,"comment_status":"closed","ping_status":"closed","template":"","meta":{"footnotes":""},"class_list":["post-888","page","type-page","status-publish","has-post-thumbnail","hentry"],"yoast_head":"<!-- This site is optimized with the Yoast SEO plugin v27.1.1 - https:\/\/yoast.com\/product\/yoast-seo-wordpress\/ -->\n<title>Skokka warns its users about scams and frauds - Skokka Official Blog<\/title>\n<meta name=\"description\" content=\"At Skokka we have detected a number of frauds and threats from users and advertisers of our portal through fake ads. We help you protect yourself!\" \/>\n<meta name=\"robots\" content=\"index, follow, max-snippet:-1, max-image-preview:large, max-video-preview:-1\" \/>\n<link rel=\"canonical\" href=\"https:\/\/blog.skokka.com\/en\/skokka-warns-scams-frauds\/\" \/>\n<meta property=\"og:locale\" content=\"en_GB\" \/>\n<meta property=\"og:type\" content=\"article\" \/>\n<meta property=\"og:title\" content=\"Skokka warns its users about scams and frauds\" \/>\n<meta property=\"og:description\" content=\"Fraud and scams have been detected through fake ads\" \/>\n<meta property=\"og:url\" content=\"https:\/\/blog.skokka.com\/en\/skokka-warns-scams-frauds\/\" \/>\n<meta property=\"og:site_name\" content=\"Skokka Official Blog\" \/>\n<meta property=\"article:modified_time\" content=\"2021-01-25T08:30:04+00:00\" \/>\n<meta property=\"og:image\" content=\"https:\/\/blog.skokka.com\/en\/wp-content\/uploads\/sites\/4\/2020\/12\/02_EN-1.jpg\" \/>\n\t<meta property=\"og:image:width\" content=\"1024\" \/>\n\t<meta property=\"og:image:height\" content=\"576\" \/>\n\t<meta property=\"og:image:type\" content=\"image\/jpeg\" \/>\n<meta name=\"twitter:card\" content=\"summary_large_image\" \/>\n<meta name=\"twitter:title\" content=\"Skokka warns its users about scams and frauds\" \/>\n<meta name=\"twitter:description\" content=\"Fraud and scams have been detected through fake ads\" \/>\n<meta name=\"twitter:image\" content=\"https:\/\/blog.skokka.com\/en\/wp-content\/uploads\/sites\/4\/2020\/12\/02_EN-1.jpg\" \/>\n<meta name=\"twitter:label1\" content=\"Estimated reading time\" \/>\n\t<meta name=\"twitter:data1\" content=\"3 minutes\" \/>\n<script type=\"application\/ld+json\" class=\"yoast-schema-graph\">{\"@context\":\"https:\/\/schema.org\",\"@graph\":[{\"@type\":\"WebPage\",\"@id\":\"https:\/\/blog.skokka.com\/en\/skokka-warns-scams-frauds\/\",\"url\":\"https:\/\/blog.skokka.com\/en\/skokka-warns-scams-frauds\/\",\"name\":\"Skokka warns its users about scams and frauds - Skokka Official Blog\",\"isPartOf\":{\"@id\":\"https:\/\/blog.skokka.com\/en\/#website\"},\"primaryImageOfPage\":{\"@id\":\"https:\/\/blog.skokka.com\/en\/skokka-warns-scams-frauds\/#primaryimage\"},\"image\":{\"@id\":\"https:\/\/blog.skokka.com\/en\/skokka-warns-scams-frauds\/#primaryimage\"},\"thumbnailUrl\":\"https:\/\/blog.skokka.com\/en\/wp-content\/uploads\/sites\/4\/2020\/12\/02_EN.jpg\",\"datePublished\":\"2020-12-22T09:42:07+00:00\",\"dateModified\":\"2021-01-25T08:30:04+00:00\",\"description\":\"At Skokka we have detected a number of frauds and threats from users and advertisers of our portal through fake ads. We help you protect yourself!\",\"breadcrumb\":{\"@id\":\"https:\/\/blog.skokka.com\/en\/skokka-warns-scams-frauds\/#breadcrumb\"},\"inLanguage\":\"en-GB\",\"potentialAction\":[{\"@type\":\"ReadAction\",\"target\":[\"https:\/\/blog.skokka.com\/en\/skokka-warns-scams-frauds\/\"]}]},{\"@type\":\"ImageObject\",\"inLanguage\":\"en-GB\",\"@id\":\"https:\/\/blog.skokka.com\/en\/skokka-warns-scams-frauds\/#primaryimage\",\"url\":\"https:\/\/blog.skokka.com\/en\/wp-content\/uploads\/sites\/4\/2020\/12\/02_EN.jpg\",\"contentUrl\":\"https:\/\/blog.skokka.com\/en\/wp-content\/uploads\/sites\/4\/2020\/12\/02_EN.jpg\",\"width\":1024,\"height\":1024},{\"@type\":\"BreadcrumbList\",\"@id\":\"https:\/\/blog.skokka.com\/en\/skokka-warns-scams-frauds\/#breadcrumb\",\"itemListElement\":[{\"@type\":\"ListItem\",\"position\":1,\"name\":\"Home\",\"item\":\"https:\/\/blog.skokka.com\/en\/\"},{\"@type\":\"ListItem\",\"position\":2,\"name\":\"Skokka warns its users about scams and frauds\"}]},{\"@type\":\"WebSite\",\"@id\":\"https:\/\/blog.skokka.com\/en\/#website\",\"url\":\"https:\/\/blog.skokka.com\/en\/\",\"name\":\"Skokka Official Blog\",\"description\":\"Skokka in English\",\"publisher\":{\"@id\":\"https:\/\/blog.skokka.com\/en\/#organization\"},\"potentialAction\":[{\"@type\":\"SearchAction\",\"target\":{\"@type\":\"EntryPoint\",\"urlTemplate\":\"https:\/\/blog.skokka.com\/en\/?s={search_term_string}\"},\"query-input\":{\"@type\":\"PropertyValueSpecification\",\"valueRequired\":true,\"valueName\":\"search_term_string\"}}],\"inLanguage\":\"en-GB\"},{\"@type\":\"Organization\",\"@id\":\"https:\/\/blog.skokka.com\/en\/#organization\",\"name\":\"Skokka Official Blog\",\"url\":\"https:\/\/blog.skokka.com\/en\/\",\"logo\":{\"@type\":\"ImageObject\",\"inLanguage\":\"en-GB\",\"@id\":\"https:\/\/blog.skokka.com\/en\/#\/schema\/logo\/image\/\",\"url\":\"https:\/\/blog.skokka.com\/en\/wp-content\/uploads\/sites\/4\/2024\/12\/cac19586e3fe70e27af563e7dced04d3.png\",\"contentUrl\":\"https:\/\/blog.skokka.com\/en\/wp-content\/uploads\/sites\/4\/2024\/12\/cac19586e3fe70e27af563e7dced04d3.png\",\"width\":941,\"height\":259,\"caption\":\"Skokka Official Blog\"},\"image\":{\"@id\":\"https:\/\/blog.skokka.com\/en\/#\/schema\/logo\/image\/\"}}]}<\/script>\n<!-- \/ Yoast SEO plugin. -->","yoast_head_json":{"title":"Skokka warns its users about scams and frauds - Skokka Official Blog","description":"At Skokka we have detected a number of frauds and threats from users and advertisers of our portal through fake ads. We help you protect yourself!","robots":{"index":"index","follow":"follow","max-snippet":"max-snippet:-1","max-image-preview":"max-image-preview:large","max-video-preview":"max-video-preview:-1"},"canonical":"https:\/\/blog.skokka.com\/en\/skokka-warns-scams-frauds\/","og_locale":"en_GB","og_type":"article","og_title":"Skokka warns its users about scams and frauds","og_description":"Fraud and scams have been detected through fake ads","og_url":"https:\/\/blog.skokka.com\/en\/skokka-warns-scams-frauds\/","og_site_name":"Skokka Official Blog","article_modified_time":"2021-01-25T08:30:04+00:00","og_image":[{"width":1024,"height":576,"url":"https:\/\/blog.skokka.com\/en\/wp-content\/uploads\/sites\/4\/2020\/12\/02_EN-1.jpg","type":"image\/jpeg"}],"twitter_card":"summary_large_image","twitter_title":"Skokka warns its users about scams and frauds","twitter_description":"Fraud and scams have been detected through fake ads","twitter_image":"https:\/\/blog.skokka.com\/en\/wp-content\/uploads\/sites\/4\/2020\/12\/02_EN-1.jpg","twitter_misc":{"Estimated reading time":"3 minutes"},"schema":{"@context":"https:\/\/schema.org","@graph":[{"@type":"WebPage","@id":"https:\/\/blog.skokka.com\/en\/skokka-warns-scams-frauds\/","url":"https:\/\/blog.skokka.com\/en\/skokka-warns-scams-frauds\/","name":"Skokka warns its users about scams and frauds - Skokka Official Blog","isPartOf":{"@id":"https:\/\/blog.skokka.com\/en\/#website"},"primaryImageOfPage":{"@id":"https:\/\/blog.skokka.com\/en\/skokka-warns-scams-frauds\/#primaryimage"},"image":{"@id":"https:\/\/blog.skokka.com\/en\/skokka-warns-scams-frauds\/#primaryimage"},"thumbnailUrl":"https:\/\/blog.skokka.com\/en\/wp-content\/uploads\/sites\/4\/2020\/12\/02_EN.jpg","datePublished":"2020-12-22T09:42:07+00:00","dateModified":"2021-01-25T08:30:04+00:00","description":"At Skokka we have detected a number of frauds and threats from users and advertisers of our portal through fake ads. We help you protect yourself!","breadcrumb":{"@id":"https:\/\/blog.skokka.com\/en\/skokka-warns-scams-frauds\/#breadcrumb"},"inLanguage":"en-GB","potentialAction":[{"@type":"ReadAction","target":["https:\/\/blog.skokka.com\/en\/skokka-warns-scams-frauds\/"]}]},{"@type":"ImageObject","inLanguage":"en-GB","@id":"https:\/\/blog.skokka.com\/en\/skokka-warns-scams-frauds\/#primaryimage","url":"https:\/\/blog.skokka.com\/en\/wp-content\/uploads\/sites\/4\/2020\/12\/02_EN.jpg","contentUrl":"https:\/\/blog.skokka.com\/en\/wp-content\/uploads\/sites\/4\/2020\/12\/02_EN.jpg","width":1024,"height":1024},{"@type":"BreadcrumbList","@id":"https:\/\/blog.skokka.com\/en\/skokka-warns-scams-frauds\/#breadcrumb","itemListElement":[{"@type":"ListItem","position":1,"name":"Home","item":"https:\/\/blog.skokka.com\/en\/"},{"@type":"ListItem","position":2,"name":"Skokka warns its users about scams and frauds"}]},{"@type":"WebSite","@id":"https:\/\/blog.skokka.com\/en\/#website","url":"https:\/\/blog.skokka.com\/en\/","name":"Skokka Official Blog","description":"Skokka in English","publisher":{"@id":"https:\/\/blog.skokka.com\/en\/#organization"},"potentialAction":[{"@type":"SearchAction","target":{"@type":"EntryPoint","urlTemplate":"https:\/\/blog.skokka.com\/en\/?s={search_term_string}"},"query-input":{"@type":"PropertyValueSpecification","valueRequired":true,"valueName":"search_term_string"}}],"inLanguage":"en-GB"},{"@type":"Organization","@id":"https:\/\/blog.skokka.com\/en\/#organization","name":"Skokka Official Blog","url":"https:\/\/blog.skokka.com\/en\/","logo":{"@type":"ImageObject","inLanguage":"en-GB","@id":"https:\/\/blog.skokka.com\/en\/#\/schema\/logo\/image\/","url":"https:\/\/blog.skokka.com\/en\/wp-content\/uploads\/sites\/4\/2024\/12\/cac19586e3fe70e27af563e7dced04d3.png","contentUrl":"https:\/\/blog.skokka.com\/en\/wp-content\/uploads\/sites\/4\/2024\/12\/cac19586e3fe70e27af563e7dced04d3.png","width":941,"height":259,"caption":"Skokka Official Blog"},"image":{"@id":"https:\/\/blog.skokka.com\/en\/#\/schema\/logo\/image\/"}}]}},"_links":{"self":[{"href":"https:\/\/blog.skokka.com\/en\/wp-json\/wp\/v2\/pages\/888","targetHints":{"allow":["GET"]}}],"collection":[{"href":"https:\/\/blog.skokka.com\/en\/wp-json\/wp\/v2\/pages"}],"about":[{"href":"https:\/\/blog.skokka.com\/en\/wp-json\/wp\/v2\/types\/page"}],"author":[{"embeddable":true,"href":"https:\/\/blog.skokka.com\/en\/wp-json\/wp\/v2\/users\/9"}],"replies":[{"embeddable":true,"href":"https:\/\/blog.skokka.com\/en\/wp-json\/wp\/v2\/comments?post=888"}],"version-history":[{"count":6,"href":"https:\/\/blog.skokka.com\/en\/wp-json\/wp\/v2\/pages\/888\/revisions"}],"predecessor-version":[{"id":934,"href":"https:\/\/blog.skokka.com\/en\/wp-json\/wp\/v2\/pages\/888\/revisions\/934"}],"wp:featuredmedia":[{"embeddable":true,"href":"https:\/\/blog.skokka.com\/en\/wp-json\/wp\/v2\/media\/890"}],"wp:attachment":[{"href":"https:\/\/blog.skokka.com\/en\/wp-json\/wp\/v2\/media?parent=888"}],"curies":[{"name":"wp","href":"https:\/\/api.w.org\/{rel}","templated":true}]}}