{"id":13651,"date":"2025-09-08T06:04:46","date_gmt":"2025-09-08T09:04:46","guid":{"rendered":"https:\/\/blog.skokka.com\/br\/?page_id=13651"},"modified":"2025-09-15T08:13:37","modified_gmt":"2025-09-15T11:13:37","slug":"premio-reclame-aqui-2025-regulamento-da-campanha-social-voto-solidario-skokka","status":"publish","type":"page","link":"https:\/\/blog.skokka.com\/br\/premio-reclame-aqui-2025-regulamento-da-campanha-social-voto-solidario-skokka\/","title":{"rendered":"Pr\u00eamio Reclame Aqui 2025 &#8211; Regulamento da Campanha Social &#8220;Voto Solid\u00e1rio Skokka&#8221;"},"content":{"rendered":"\n<p><\/p>\n\n\n\n<figure class=\"wp-block-image size-large\"><a href=\"https:\/\/skokka.link\/RA-Regulamento-2025\"><img loading=\"lazy\" decoding=\"async\" width=\"1024\" height=\"538\" src=\"https:\/\/blog.skokka.com\/br\/wp-content\/uploads\/sites\/2\/2025\/09\/RA_BANNER_SKK-BLOG_REGULAMENTO_1200x630-1024x538.png\" alt=\"\" class=\"wp-image-13668\" srcset=\"https:\/\/blog.skokka.com\/br\/wp-content\/uploads\/sites\/2\/2025\/09\/RA_BANNER_SKK-BLOG_REGULAMENTO_1200x630-1024x538.png 1024w, https:\/\/blog.skokka.com\/br\/wp-content\/uploads\/sites\/2\/2025\/09\/RA_BANNER_SKK-BLOG_REGULAMENTO_1200x630-300x158.png 300w, https:\/\/blog.skokka.com\/br\/wp-content\/uploads\/sites\/2\/2025\/09\/RA_BANNER_SKK-BLOG_REGULAMENTO_1200x630-768x403.png 768w, https:\/\/blog.skokka.com\/br\/wp-content\/uploads\/sites\/2\/2025\/09\/RA_BANNER_SKK-BLOG_REGULAMENTO_1200x630.png 1200w\" sizes=\"auto, (max-width: 1024px) 100vw, 1024px\" \/><\/a><\/figure>\n\n\n\n<ol class=\"wp-block-list\">\n<li><strong>CONSIDERA\u00c7\u00d5ES INICIAIS<\/strong><\/li>\n<\/ol>\n\n\n\n<p>1.1. A presente Campanha Social, denominada \u201cVoto Solid\u00e1rio Skokka\u201d, \u00e9 promovida por TA\u00c7A ESCARLATE (SKOKKA BRASIL), pessoa jur\u00eddica de direito privado, inscrita no CNPJ\/ME sob o n\u00ba 20.870.809\/0001-81, com sede na Rua Fid\u00eancio Ramos, Vila Olimpia, CEP 04.551-010, S\u00e3o Paulo\/SP, doravante denominada simplesmente \u201cSkokka\u201d.<\/p>\n\n\n\n<p>1.2. O objetivo da campanha \u00e9 incentivar a participa\u00e7\u00e3o do p\u00fablico na vota\u00e7\u00e3o do Pr\u00eamio Reclame AQUI 2025, transformando o engajamento em impacto social positivo, por meio de doa\u00e7\u00f5es financeiras a Organiza\u00e7\u00f5es N\u00e3o Governamentais (ONGs)previamente selecionadas pela Skokka.<\/p>\n\n\n\n<p>1.3. A campanha tem car\u00e1ter exclusivamente social, e est\u00e1 em conformidade com o Regulamento oficial do Pr\u00eamio Reclame AQUI 2025, que permite a\u00e7\u00f5es de incentivo vinculadas a causas sociais, desde que conduzidas de forma transparente e sem concess\u00e3o de benef\u00edcios individuais.<\/p>\n\n\n\n<p>Para verificar a regularidade desta Campanha, <strong><a href=\"https:\/\/storage.googleapis.com\/premio-files\/2025\/regulamento.pdf\">acesse aqui<\/a><\/strong> o Regulamento do Pr\u00eamio Reclame Aqui 2025.<\/p>\n\n\n\n<p>1.4. Este regulamento apresenta de forma clara e transparente toda a mec\u00e2nica, prazos e condi\u00e7\u00f5es da campanha, garantindo que sua participa\u00e7\u00e3o seja livre, informada e respons\u00e1vel.<\/p>\n\n\n\n<p><strong>2. MEC\u00c2NICA DA CAMPANHA<\/strong><\/p>\n\n\n\n<p>2.1. A participa\u00e7\u00e3o na Campanha \u00e9 aberta ao p\u00fablico em geral, desde que pessoas f\u00edsicas maiores de 18 anos com cadastro ativo na plataforma do Pr\u00eamio Reclame AQUI.<\/p>\n\n\n\n<p>2.2. Para participar, basta votar na Skokka no Pr\u00eamio Reclame AQUI 2025 durante o per\u00edodo oficial de vota\u00e7\u00e3o. Seu voto \u00e9 livre e volunt\u00e1rio e, a cada voto, voc\u00ea contribui para transformar engajamento em doa\u00e7\u00f5es \u00e0s ONGs apoiadas pela campanha.<\/p>\n\n\n\n<p>2.3. Ap\u00f3s o encerramento da vota\u00e7\u00e3o do Pr\u00eamio Reclame AQUI 2025 e a apura\u00e7\u00e3o oficial dos votos, a Skokka realizar\u00e1 doa\u00e7\u00f5es \u00e0s ONGs selecionadas, de acordo com a meta de votos alcan\u00e7ada, nos valores indicados abaixo:<\/p>\n\n\n\n<ul class=\"wp-block-list\">\n<li>De 5.000 a 9.999 votos \u2192 R$ 3.000,00 (tr\u00eas mil reais) para cada ONG;<\/li>\n\n\n\n<li>De 10.000 a 14.999 votos \u2192 R$ 6.000,00 (seis mil reais) para cada ONG;<\/li>\n\n\n\n<li>De 15.000 a 19.999 votos \u2192 R$ 10.000,00 (dez mil reais) para cada ONG;<\/li>\n\n\n\n<li>De 20.000 a 24.999 votos \u2192 R$ 14.000,00 (quatorze mil reais) para cada ONG;<\/li>\n\n\n\n<li>25.000 votos ou mais \u2192 R$ 20.000,00 (vinte mil reais) para cada ONG.<\/li>\n<\/ul>\n\n\n\n<p>Portanto, se ao final da contabiliza\u00e7\u00e3o de votos a Skokka tiver por exemplo 21.531 votos, ser\u00e3o doados R$ 14.000,00 (quatorze mil reais) para cada uma das ONGs selecionadas para a Campanha.<\/p>\n\n\n\n<p>2.4. A apura\u00e7\u00e3o dos votos ser\u00e1 realizada exclusivamente pelo Reclame AQUI, conforme calend\u00e1rio Oficial do Pr\u00eamio. O resultado final com a quantidade de votos obtidos pela Skokka s\u00f3 ser\u00e1 divulgado ap\u00f3s o encerramento oficial da vota\u00e7\u00e3o e a conclus\u00e3o da contabiliza\u00e7\u00e3o pelo Reclame AQUI.<\/p>\n\n\n\n<p><strong>2. ONGs BENEFICIADAS<\/strong><\/p>\n\n\n\n<p>3.1. As institui\u00e7\u00f5es beneficiadas pela campanha ser\u00e3o:<\/p>\n\n\n\n<ul class=\"wp-block-list\">\n<li><strong>Associa\u00e7\u00e3o Fala Mulher<\/strong>, inscrita no CNPJ n\u00ba 06.256.776\/0001-53, com sede na Rua \u00c1lvaro Nunes, 184, Vila Congonhas, S\u00e3o Paulo &#8211; SP, CEP: 04.612-070, site: <strong><a href=\"https:\/\/www.falamulher.ong.br\/.\">https:\/\/www.falamulher.ong.br\/<\/a><\/strong><\/li>\n<\/ul>\n\n\n\n<p>A Associa\u00e7\u00e3o Fala Mulher \u00e9 uma organiza\u00e7\u00e3o sem fins lucrativos fundada em 2004 que atua na defesa dos direitos humanos, com foco no enfrentamento da viol\u00eancia dom\u00e9stica, na promo\u00e7\u00e3o da equidade de g\u00eanero e no fortalecimento da autonomia feminina. Al\u00e9m de apoiar mulheres em situa\u00e7\u00e3o de vulnerabilidade, a entidade tamb\u00e9m<br>desenvolve a\u00e7\u00f5es voltadas a crian\u00e7as, adolescentes, pessoas idosas, em situa\u00e7\u00e3o de rua e fam\u00edlias em risco social, buscando garantir dignidade, justi\u00e7a e inclus\u00e3o.<\/p>\n\n\n\n<ul class=\"wp-block-list\">\n<li> <strong>CASARAO BRASIL &#8211; ASSOCIACAO LGBTI<\/strong>, inscrita no CNPJ n\u00b010.013.459\/0001-83, com sede na Rua Coronel Xavier de Toledo, 210, cj.111, Rep\u00fablica, S\u00e3o Paulo \u2013 SP, CEP: 01048-000, site: <strong><a href=\"https:\/\/casaraobrasil.org.br\/\">https:\/\/casaraobrasil.org.br\/<\/a><\/strong><\/li>\n<\/ul>\n\n\n\n<p>O Casar\u00e3o Brasil \u00e9 uma organiza\u00e7\u00e3o social sem fins lucrativos fundada em 2008. Nosso objetivo \u00e9 promover a cidadania e a inclus\u00e3o social da comunidade arco-\u00edris. Ofertamos servi\u00e7os como assist\u00eancia social, sa\u00fade, educa\u00e7\u00e3o, acolhimento e fortalecimento da identidade LGBTI+.<\/p>\n\n\n\n<ul class=\"wp-block-list\">\n<li><strong>APROSMIG <\/strong>\u2014 <strong>ASSOCIA\u00c7\u00c3O DAS PROSTITUTAS DE MINAS GERAIS<\/strong>, inscrita no CNPJ n\u00ba 18.252.097\/0001-95, com sede na Rua Guaicurus, 648 C, Centro, Belo Horizonte, Brasil, CEP 30111-060, site: <strong><a href=\"https:\/\/casaraobrasil.org.br\/\">https:\/\/aprosmig.org.br\/<\/a><\/strong><\/li>\n<\/ul>\n\n\n\n<p>Associa\u00e7\u00e3o das Prostitutas de Minas Gerais, criada em 2009, \u00e9 uma agente de direitos ao trabalho, promo\u00e7\u00e3o da cidadania e de combate \u00e0 viol\u00eancia de g\u00eanero, explora\u00e7\u00e3o sexual de crian\u00e7as e adolescentes, viol\u00eancia contra a mulher e ao tr\u00e1fico de pessoas; com uma importante atua\u00e7\u00e3o como agente de sa\u00fade e seguran\u00e7a p\u00fablicas, al\u00e9m de agente cultural.<\/p>\n\n\n\n<p>3.2. A escolha das institui\u00e7\u00f5es foi realizada pelo Skokka, considerando crit\u00e9rios de relev\u00e2ncia social, transpar\u00eancia e atua\u00e7\u00e3o efetiva em suas \u00e1reas de impacto.<\/p>\n\n\n\n<p><strong>4. TRANSPAR\u00caNCIA E PRESTA\u00c7\u00c3O DE CONTAS<\/strong><\/p>\n\n\n\n<p>4.1. Ap\u00f3s a confirma\u00e7\u00e3o final do n\u00famero de votos recebidos, ser\u00e1 publicada a contabiliza\u00e7\u00e3o oficial dos votos atribu\u00eddos \u00e0 Skokka, bem como as informa\u00e7\u00f5es detalhadas sobre os valores efetivamente doados a cada institui\u00e7\u00e3o beneficiada.<\/p>\n\n\n\n<p>4.2. Ser\u00e3o disponibilizados, de forma p\u00fablica e acess\u00edvel, os comprovantes de pagamento\/transfer\u00eancia referentes ao repasse dos valores, assegurando a m\u00e1xima transpar\u00eancia e a presta\u00e7\u00e3o de contas integral desta campanha solid\u00e1ria.<\/p>\n\n\n\n<p>4.3. Todas as metas e resultados da campanha ser\u00e3o amplamente divulgados no site oficial da Skokka e em suas plataformas de comunica\u00e7\u00e3o oficiais (incluindo redes sociais e demais canais institucionais).<\/p>\n\n\n\n<p>4.4. Considerando os prazos estabelecidos pelo Pr\u00eamio Reclame AQUI para divulga\u00e7\u00e3o dos resultados, a Skokka poder\u00e1 disponibilizar os resultados finais da apura\u00e7\u00e3o de votos e os comprovantes de pagamento referentes \u00e0s doa\u00e7\u00f5es at\u00e9 janeiro de 2026.<\/p>\n\n\n\n<p>4.5. Caso ocorram altera\u00e7\u00f5es no cronograma por motivos alheios \u00e0 Skokka ou por decis\u00e3o da pr\u00f3pria empresa, a Skokka reserva-se o direito de ajustar os prazos previstos neste regulamento, comunicando eventuais altera\u00e7\u00f5es nos canais oficiais da campanha.<\/p>\n\n\n\n<p><strong>5. COMO PARTICIPAR<\/strong><\/p>\n\n\n\n<p>5.1. Participantes eleg\u00edveis: Podem votar todas as pessoas f\u00edsicas maiores de 18 anos, que possuam cadastro ativo na plataforma Reclame AQUI.<\/p>\n\n\n\n<p>5.2. Per\u00edodo para voto: A campanha ter\u00e1 in\u00edcio em 1\u00ba de setembro de 2025 e t\u00e9rmino em 7 de novembro de 2025, per\u00edodo oficial de vota\u00e7\u00e3o do Pr\u00eamio Reclame AQUI 2025.<\/p>\n\n\n\n<p><strong>5.3. Procedimento de voto:<\/strong><\/p>\n\n\n\n<ol class=\"wp-block-list\">\n<li>Acesse o site ou aplicativo oficial do Pr\u00eamio Reclame AQUI;<\/li>\n\n\n\n<li>Fa\u00e7a login com seu cadastro;<\/li>\n\n\n\n<li>Explore as categorias e selecione <strong>\u201cConte\u00fado Sens\u00edvel\u201d<\/strong>, em seguida a subcategoria <strong>\u201cConte\u00fado Adulto\u201d<\/strong>;<\/li>\n\n\n\n<li>Escolha \u201c<strong>Skokka<\/strong>\u201d e confirme seu voto.<\/li>\n<\/ol>\n\n\n\n<p>Aten\u00e7\u00e3o, pois cada participante poder\u00e1 votar apenas uma vez por categoria.<\/p>\n\n\n\n<p>Pronto, feito seu voto na Skokka, Voc\u00ea j\u00e1 far\u00e1 parte desta corrente do bem.<\/p>\n\n\n\n<p>5.4. <strong>N\u00e3o \u00e9 <\/strong>necess\u00e1rio enviar qualquer comprovante de voto ao Skokka. O voto \u00e9 livre, e ao optar pelo Skokka, Voc\u00ea contribui, indiretamente, para a realiza\u00e7\u00e3o das doa\u00e7\u00f5es previstas \u00e0s institui\u00e7\u00f5es vinculadas \u00e0 campanha.<\/p>\n\n\n\n<p><strong>6. PER\u00cdODO DE VIG\u00caNCIA<\/strong><\/p>\n\n\n\n<p>6.1. A campanha ter\u00e1 in\u00edcio na data de publica\u00e7\u00e3o deste Regulamento e ser\u00e1 encerrada ap\u00f3s a divulga\u00e7\u00e3o dos resultados finais e dos respectivos comprovantes de doa\u00e7\u00e3o, ressalvadas eventuais altera\u00e7\u00f5es, que ser\u00e3o comunicadas nos canais oficiais do Skokka.<\/p>\n\n\n\n<p><strong>7. MODALIDADE DA CAMPANHA<\/strong><\/p>\n\n\n\n<p>7.1. A presente iniciativa caracteriza-se como Campanha Social de Doa\u00e7\u00e3o, sem natureza de promo\u00e7\u00e3o comercial, concurso ou sorteio, n\u00e3o sendo necess\u00e1ria autoriza\u00e7\u00e3o da SEAE\/Minist\u00e9rio da Fazenda, conforme Portaria MF n\u00ba 41\/2008.<\/p>\n\n\n\n<p><strong>8. \u00c1REA DE ABRANG\u00caNCIA<\/strong><\/p>\n\n\n\n<p>8.1. A campanha ser\u00e1 v\u00e1lida em todo o territ\u00f3rio nacional brasileiro, com divulga\u00e7\u00e3o realizada por meio dos canais oficiais da Skokka, redes sociais, parceiros de m\u00eddia e demais ve\u00edculos que venham a ser definidos.<\/p>\n\n\n\n<p><strong>9. DIVULGA\u00c7\u00c3O<\/strong><\/p>\n\n\n\n<p>9.1. A divulga\u00e7\u00e3o da campanha poder\u00e1 ser realizada por meio do site oficial do Skokka, redes sociais, e-mails marketing, podcasts, criadores de conte\u00fado e outros canais de comunica\u00e7\u00e3o institucional.<\/p>\n\n\n\n<p><strong>10. CONDI\u00c7\u00d5ES GERAIS<\/strong><\/p>\n\n\n\n<p>10.1. A campanha n\u00e3o concede pr\u00eamios, descontos ou qualquer benef\u00edcio individual aos votantes.<\/p>\n\n\n\n<p>10.2. A participa\u00e7\u00e3o na vota\u00e7\u00e3o \u00e9 livre e volunt\u00e1ria, n\u00e3o havendo qualquer obriga\u00e7\u00e3o.<\/p>\n\n\n\n<p>10.3. A Skokka reserva-se o direito de ajustar aspectos operacionais da campanha, caso necess\u00e1rio, desde que mantida a transpar\u00eancia e respeitadas as disposi\u00e7\u00f5es do presente regulamento.<\/p>\n\n\n\n<p>10.4. A campanha n\u00e3o tem v\u00ednculo, patroc\u00ednio ou administra\u00e7\u00e3o pelo Reclame AQUI, sendo a Skokka a \u00fanica respons\u00e1vel por sua execu\u00e7\u00e3o.<\/p>\n\n\n\n<p>10.5. A participa\u00e7\u00e3o nesta campanha n\u00e3o gera qualquer direito de natureza contratual, consumerista ou societ\u00e1ria entre os participantes, a Skokka e as institui\u00e7\u00f5es beneficiadas.<\/p>\n\n\n\n<p>10.6. A eventual toler\u00e2ncia da Skokka quanto ao descumprimento de qualquer disposi\u00e7\u00e3o deste regulamento n\u00e3o constituir\u00e1 ren\u00fancia, nova\u00e7\u00e3o ou altera\u00e7\u00e3o das regras da campanha, podendo a empresa exerc\u00ea-las a qualquer tempo, sem preju\u00edzo de seus direitos legais e regulamentares.<\/p>\n\n\n\n<p>10.7. Caso qualquer cl\u00e1usula deste regulamento seja considerada nula, inv\u00e1lida ou inexequ\u00edvel, tal nulidade n\u00e3o afetar\u00e1 a validade das demais disposi\u00e7\u00f5es, que continuar\u00e3o plenamente em vigor, devendo a cl\u00e1usula inv\u00e1lida ser interpretada da forma mais pr\u00f3xima poss\u00edvel do seu sentido original, dentro dos limites legais.<\/p>\n\n\n\n<p>10.8. Este regulamento ser\u00e1 interpretado e aplicado de acordo com as leis Brasileiras.<\/p>\n\n\n\n<p><strong>11. FORO<\/strong><\/p>\n\n\n\n<p>11.1. Fica eleito o Foro da Comarca de S\u00e3o Paulo\/SP para dirimir eventuais controv\u00e9rsias decorrentes deste regulamento, com ren\u00fancia a qualquer outro, por mais privilegiado que seja.<\/p>\n\n\n\n<p><\/p>\n","protected":false},"excerpt":{"rendered":"<p>1.1. A presente Campanha Social, denominada \u201cVoto Solid\u00e1rio Skokka\u201d, \u00e9 promovida por TA\u00c7A ESCARLATE (SKOKKA BRASIL), pessoa jur\u00eddica de direito privado, inscrita no CNPJ\/ME sob o n\u00ba 20.870.809\/0001-81, com sede na Rua Fid\u00eancio Ramos, Vila Olimpia, CEP 04.551-010, S\u00e3o Paulo\/SP, doravante denominada simplesmente \u201cSkokka\u201d. 1.2. O objetivo da campanha \u00e9 incentivar a participa\u00e7\u00e3o do p\u00fablico [&#8230;]<\/p>\n","protected":false},"author":9,"featured_media":0,"parent":0,"menu_order":0,"comment_status":"closed","ping_status":"closed","template":"","meta":{"footnotes":""},"class_list":["post-13651","page","type-page","status-publish","hentry"],"yoast_head":"<!-- This site is optimized with the Yoast SEO plugin v27.1.1 - https:\/\/yoast.com\/product\/yoast-seo-wordpress\/ -->\n<title>Pr\u00eamio Reclame Aqui 2025 - Regulamento da Campanha Social &quot;Voto Solid\u00e1rio Skokka&quot; - Blog oficial do Skokka<\/title>\n<meta name=\"robots\" content=\"index, follow, max-snippet:-1, max-image-preview:large, max-video-preview:-1\" \/>\n<link rel=\"canonical\" href=\"https:\/\/blog.skokka.com\/br\/premio-reclame-aqui-2025-regulamento-da-campanha-social-voto-solidario-skokka\/\" \/>\n<meta property=\"og:locale\" content=\"pt_BR\" \/>\n<meta property=\"og:type\" content=\"article\" \/>\n<meta property=\"og:title\" content=\"REGULAMENTO DA CAMPANHA SOCIAL\u201cVOTO SOLID\u00c1RIO SKOKKA\u201d\" \/>\n<meta property=\"og:description\" content=\"1.1. A presente Campanha Social, denominada \u201cVoto Solid\u00e1rio Skokka\u201d, \u00e9 promovida por TA\u00c7A ESCARLATE (SKOKKA BRASIL), pessoa jur\u00eddica de direito privado, inscrita no CNPJ\/ME sob o n\u00ba 20.870.809\/0001-81, com sede na Rua Fid\u00eancio Ramos, Vila Olimpia, CEP 04.551-010, S\u00e3o Paulo\/SP, doravante denominada simplesmente \u201cSkokka\u201d. 1.2. O objetivo da campanha \u00e9 incentivar a participa\u00e7\u00e3o do p\u00fablico [...]\" \/>\n<meta property=\"og:url\" content=\"https:\/\/blog.skokka.com\/br\/premio-reclame-aqui-2025-regulamento-da-campanha-social-voto-solidario-skokka\/\" \/>\n<meta property=\"og:site_name\" content=\"Blog oficial do Skokka\" \/>\n<meta property=\"article:modified_time\" content=\"2025-09-15T11:13:37+00:00\" \/>\n<meta property=\"og:image\" content=\"https:\/\/blog.skokka.com\/br\/wp-content\/uploads\/sites\/2\/2025\/08\/BR_HERO_DESKTOP_2400x1220_1.jpg\" \/>\n\t<meta property=\"og:image:width\" content=\"2400\" \/>\n\t<meta property=\"og:image:height\" content=\"1220\" \/>\n\t<meta property=\"og:image:type\" content=\"image\/jpeg\" \/>\n<meta name=\"twitter:card\" content=\"summary_large_image\" \/>\n<meta name=\"twitter:label1\" content=\"Est. tempo de leitura\" \/>\n\t<meta name=\"twitter:data1\" content=\"1 minuto\" \/>\n<script type=\"application\/ld+json\" class=\"yoast-schema-graph\">{\"@context\":\"https:\/\/schema.org\",\"@graph\":[{\"@type\":\"WebPage\",\"@id\":\"https:\/\/blog.skokka.com\/br\/premio-reclame-aqui-2025-regulamento-da-campanha-social-voto-solidario-skokka\/\",\"url\":\"https:\/\/blog.skokka.com\/br\/premio-reclame-aqui-2025-regulamento-da-campanha-social-voto-solidario-skokka\/\",\"name\":\"Pr\u00eamio Reclame Aqui 2025 - Regulamento da Campanha Social \\\"Voto Solid\u00e1rio Skokka\\\" - Blog oficial do Skokka\",\"isPartOf\":{\"@id\":\"https:\/\/blog.skokka.com\/br\/#website\"},\"primaryImageOfPage\":{\"@id\":\"https:\/\/blog.skokka.com\/br\/premio-reclame-aqui-2025-regulamento-da-campanha-social-voto-solidario-skokka\/#primaryimage\"},\"image\":{\"@id\":\"https:\/\/blog.skokka.com\/br\/premio-reclame-aqui-2025-regulamento-da-campanha-social-voto-solidario-skokka\/#primaryimage\"},\"thumbnailUrl\":\"https:\/\/blog.skokka.com\/br\/wp-content\/uploads\/sites\/2\/2025\/09\/RA_BANNER_SKK-BLOG_REGULAMENTO_1200x630-1024x538.png\",\"datePublished\":\"2025-09-08T09:04:46+00:00\",\"dateModified\":\"2025-09-15T11:13:37+00:00\",\"breadcrumb\":{\"@id\":\"https:\/\/blog.skokka.com\/br\/premio-reclame-aqui-2025-regulamento-da-campanha-social-voto-solidario-skokka\/#breadcrumb\"},\"inLanguage\":\"pt-BR\",\"potentialAction\":[{\"@type\":\"ReadAction\",\"target\":[\"https:\/\/blog.skokka.com\/br\/premio-reclame-aqui-2025-regulamento-da-campanha-social-voto-solidario-skokka\/\"]}]},{\"@type\":\"ImageObject\",\"inLanguage\":\"pt-BR\",\"@id\":\"https:\/\/blog.skokka.com\/br\/premio-reclame-aqui-2025-regulamento-da-campanha-social-voto-solidario-skokka\/#primaryimage\",\"url\":\"https:\/\/blog.skokka.com\/br\/wp-content\/uploads\/sites\/2\/2025\/09\/RA_BANNER_SKK-BLOG_REGULAMENTO_1200x630.png\",\"contentUrl\":\"https:\/\/blog.skokka.com\/br\/wp-content\/uploads\/sites\/2\/2025\/09\/RA_BANNER_SKK-BLOG_REGULAMENTO_1200x630.png\",\"width\":1200,\"height\":630},{\"@type\":\"BreadcrumbList\",\"@id\":\"https:\/\/blog.skokka.com\/br\/premio-reclame-aqui-2025-regulamento-da-campanha-social-voto-solidario-skokka\/#breadcrumb\",\"itemListElement\":[{\"@type\":\"ListItem\",\"position\":1,\"name\":\"Home\",\"item\":\"https:\/\/blog.skokka.com\/br\/\"},{\"@type\":\"ListItem\",\"position\":2,\"name\":\"Pr\u00eamio Reclame Aqui 2025 &#8211; Regulamento da Campanha Social &#8220;Voto Solid\u00e1rio Skokka&#8221;\"}]},{\"@type\":\"WebSite\",\"@id\":\"https:\/\/blog.skokka.com\/br\/#website\",\"url\":\"https:\/\/blog.skokka.com\/br\/\",\"name\":\"Blog oficial do Skokka\",\"description\":\"Skokka Brasil\",\"publisher\":{\"@id\":\"https:\/\/blog.skokka.com\/br\/#organization\"},\"potentialAction\":[{\"@type\":\"SearchAction\",\"target\":{\"@type\":\"EntryPoint\",\"urlTemplate\":\"https:\/\/blog.skokka.com\/br\/?s={search_term_string}\"},\"query-input\":{\"@type\":\"PropertyValueSpecification\",\"valueRequired\":true,\"valueName\":\"search_term_string\"}}],\"inLanguage\":\"pt-BR\"},{\"@type\":\"Organization\",\"@id\":\"https:\/\/blog.skokka.com\/br\/#organization\",\"name\":\"Skokka\",\"url\":\"https:\/\/blog.skokka.com\/br\/\",\"logo\":{\"@type\":\"ImageObject\",\"inLanguage\":\"pt-BR\",\"@id\":\"https:\/\/blog.skokka.com\/br\/#\/schema\/logo\/image\/\",\"url\":\"https:\/\/blog.skokka.com\/br\/wp-content\/uploads\/sites\/2\/2017\/11\/logo_skokka-1.png\",\"contentUrl\":\"https:\/\/blog.skokka.com\/br\/wp-content\/uploads\/sites\/2\/2017\/11\/logo_skokka-1.png\",\"width\":300,\"height\":300,\"caption\":\"Skokka\"},\"image\":{\"@id\":\"https:\/\/blog.skokka.com\/br\/#\/schema\/logo\/image\/\"}}]}<\/script>\n<!-- \/ Yoast SEO plugin. -->","yoast_head_json":{"title":"Pr\u00eamio Reclame Aqui 2025 - Regulamento da Campanha Social \"Voto Solid\u00e1rio Skokka\" - Blog oficial do Skokka","robots":{"index":"index","follow":"follow","max-snippet":"max-snippet:-1","max-image-preview":"max-image-preview:large","max-video-preview":"max-video-preview:-1"},"canonical":"https:\/\/blog.skokka.com\/br\/premio-reclame-aqui-2025-regulamento-da-campanha-social-voto-solidario-skokka\/","og_locale":"pt_BR","og_type":"article","og_title":"REGULAMENTO DA CAMPANHA SOCIAL\u201cVOTO SOLID\u00c1RIO SKOKKA\u201d","og_description":"1.1. A presente Campanha Social, denominada \u201cVoto Solid\u00e1rio Skokka\u201d, \u00e9 promovida por TA\u00c7A ESCARLATE (SKOKKA BRASIL), pessoa jur\u00eddica de direito privado, inscrita no CNPJ\/ME sob o n\u00ba 20.870.809\/0001-81, com sede na Rua Fid\u00eancio Ramos, Vila Olimpia, CEP 04.551-010, S\u00e3o Paulo\/SP, doravante denominada simplesmente \u201cSkokka\u201d. 1.2. O objetivo da campanha \u00e9 incentivar a participa\u00e7\u00e3o do p\u00fablico [...]","og_url":"https:\/\/blog.skokka.com\/br\/premio-reclame-aqui-2025-regulamento-da-campanha-social-voto-solidario-skokka\/","og_site_name":"Blog oficial do Skokka","article_modified_time":"2025-09-15T11:13:37+00:00","og_image":[{"width":2400,"height":1220,"url":"https:\/\/blog.skokka.com\/br\/wp-content\/uploads\/sites\/2\/2025\/08\/BR_HERO_DESKTOP_2400x1220_1.jpg","type":"image\/jpeg"}],"twitter_card":"summary_large_image","twitter_misc":{"Est. tempo de leitura":"1 minuto"},"schema":{"@context":"https:\/\/schema.org","@graph":[{"@type":"WebPage","@id":"https:\/\/blog.skokka.com\/br\/premio-reclame-aqui-2025-regulamento-da-campanha-social-voto-solidario-skokka\/","url":"https:\/\/blog.skokka.com\/br\/premio-reclame-aqui-2025-regulamento-da-campanha-social-voto-solidario-skokka\/","name":"Pr\u00eamio Reclame Aqui 2025 - Regulamento da Campanha Social \"Voto Solid\u00e1rio Skokka\" - Blog oficial do Skokka","isPartOf":{"@id":"https:\/\/blog.skokka.com\/br\/#website"},"primaryImageOfPage":{"@id":"https:\/\/blog.skokka.com\/br\/premio-reclame-aqui-2025-regulamento-da-campanha-social-voto-solidario-skokka\/#primaryimage"},"image":{"@id":"https:\/\/blog.skokka.com\/br\/premio-reclame-aqui-2025-regulamento-da-campanha-social-voto-solidario-skokka\/#primaryimage"},"thumbnailUrl":"https:\/\/blog.skokka.com\/br\/wp-content\/uploads\/sites\/2\/2025\/09\/RA_BANNER_SKK-BLOG_REGULAMENTO_1200x630-1024x538.png","datePublished":"2025-09-08T09:04:46+00:00","dateModified":"2025-09-15T11:13:37+00:00","breadcrumb":{"@id":"https:\/\/blog.skokka.com\/br\/premio-reclame-aqui-2025-regulamento-da-campanha-social-voto-solidario-skokka\/#breadcrumb"},"inLanguage":"pt-BR","potentialAction":[{"@type":"ReadAction","target":["https:\/\/blog.skokka.com\/br\/premio-reclame-aqui-2025-regulamento-da-campanha-social-voto-solidario-skokka\/"]}]},{"@type":"ImageObject","inLanguage":"pt-BR","@id":"https:\/\/blog.skokka.com\/br\/premio-reclame-aqui-2025-regulamento-da-campanha-social-voto-solidario-skokka\/#primaryimage","url":"https:\/\/blog.skokka.com\/br\/wp-content\/uploads\/sites\/2\/2025\/09\/RA_BANNER_SKK-BLOG_REGULAMENTO_1200x630.png","contentUrl":"https:\/\/blog.skokka.com\/br\/wp-content\/uploads\/sites\/2\/2025\/09\/RA_BANNER_SKK-BLOG_REGULAMENTO_1200x630.png","width":1200,"height":630},{"@type":"BreadcrumbList","@id":"https:\/\/blog.skokka.com\/br\/premio-reclame-aqui-2025-regulamento-da-campanha-social-voto-solidario-skokka\/#breadcrumb","itemListElement":[{"@type":"ListItem","position":1,"name":"Home","item":"https:\/\/blog.skokka.com\/br\/"},{"@type":"ListItem","position":2,"name":"Pr\u00eamio Reclame Aqui 2025 &#8211; Regulamento da Campanha Social &#8220;Voto Solid\u00e1rio Skokka&#8221;"}]},{"@type":"WebSite","@id":"https:\/\/blog.skokka.com\/br\/#website","url":"https:\/\/blog.skokka.com\/br\/","name":"Blog oficial do Skokka","description":"Skokka Brasil","publisher":{"@id":"https:\/\/blog.skokka.com\/br\/#organization"},"potentialAction":[{"@type":"SearchAction","target":{"@type":"EntryPoint","urlTemplate":"https:\/\/blog.skokka.com\/br\/?s={search_term_string}"},"query-input":{"@type":"PropertyValueSpecification","valueRequired":true,"valueName":"search_term_string"}}],"inLanguage":"pt-BR"},{"@type":"Organization","@id":"https:\/\/blog.skokka.com\/br\/#organization","name":"Skokka","url":"https:\/\/blog.skokka.com\/br\/","logo":{"@type":"ImageObject","inLanguage":"pt-BR","@id":"https:\/\/blog.skokka.com\/br\/#\/schema\/logo\/image\/","url":"https:\/\/blog.skokka.com\/br\/wp-content\/uploads\/sites\/2\/2017\/11\/logo_skokka-1.png","contentUrl":"https:\/\/blog.skokka.com\/br\/wp-content\/uploads\/sites\/2\/2017\/11\/logo_skokka-1.png","width":300,"height":300,"caption":"Skokka"},"image":{"@id":"https:\/\/blog.skokka.com\/br\/#\/schema\/logo\/image\/"}}]}},"_links":{"self":[{"href":"https:\/\/blog.skokka.com\/br\/wp-json\/wp\/v2\/pages\/13651","targetHints":{"allow":["GET"]}}],"collection":[{"href":"https:\/\/blog.skokka.com\/br\/wp-json\/wp\/v2\/pages"}],"about":[{"href":"https:\/\/blog.skokka.com\/br\/wp-json\/wp\/v2\/types\/page"}],"author":[{"embeddable":true,"href":"https:\/\/blog.skokka.com\/br\/wp-json\/wp\/v2\/users\/9"}],"replies":[{"embeddable":true,"href":"https:\/\/blog.skokka.com\/br\/wp-json\/wp\/v2\/comments?post=13651"}],"version-history":[{"count":2,"href":"https:\/\/blog.skokka.com\/br\/wp-json\/wp\/v2\/pages\/13651\/revisions"}],"predecessor-version":[{"id":13669,"href":"https:\/\/blog.skokka.com\/br\/wp-json\/wp\/v2\/pages\/13651\/revisions\/13669"}],"wp:attachment":[{"href":"https:\/\/blog.skokka.com\/br\/wp-json\/wp\/v2\/media?parent=13651"}],"curies":[{"name":"wp","href":"https:\/\/api.w.org\/{rel}","templated":true}]}}