{"id":12151,"date":"2022-07-12T16:18:10","date_gmt":"2022-07-12T14:18:10","guid":{"rendered":"https:\/\/blog.skokka.com\/br\/?page_id=12151"},"modified":"2022-07-12T17:34:03","modified_gmt":"2022-07-12T15:34:03","slug":"skokka-adverte-ameacas-fraudes","status":"publish","type":"page","link":"https:\/\/blog.skokka.com\/br\/skokka-adverte-ameacas-fraudes\/","title":{"rendered":"Skokka adverte aos usu\u00e1rios sobre amea\u00e7as e fraudes"},"content":{"rendered":"\n<p>Em <strong>Skokka<\/strong>, detectamos <strong>uma s\u00e9rie de fraudes e amea\u00e7as<\/strong> que est\u00e3o chegando aos usu\u00e1rios e anunciantes de nosso portal <strong>atrav\u00e9s de an\u00fancios falsos<\/strong>. Queremos, atrav\u00e9s desta declara\u00e7\u00e3o, transmitir que Skokka est\u00e1 ciente disso e trabalhamos para evit\u00e1-lo.<\/p>\n\n\n\n<p>\u00c9 por isso que, al\u00e9m dos<strong> avisos em todas as nossas redes sociais<\/strong> que lan\u00e7amos para alertar sobre estas amea\u00e7as, queremos dar conselhos para que a seguran\u00e7a de cada um de nossos usu\u00e1rios n\u00e3o seja afetada.<\/p>\n\n\n\n<p>Al\u00e9m de<strong> bloquear perfis que infringem os nossos termos e condi\u00e7\u00f5es<\/strong>, estamos realizando uma campanha na qual esclarecemos que<strong> Skokka n\u00e3o tem nenhum tipo de rela\u00e7\u00e3o com o que aconteceu<\/strong> e n\u00e3o faz parte desta trama de amea\u00e7a de morte.<\/p>\n\n\n\n<p>Da equipe Skokka, queremos esclarecer que <strong>n\u00e3o temos representantes da marca<\/strong>, exceto nossa <strong>equipe comercial que oferece promo\u00e7\u00f5es<\/strong> que s\u00f3 podem ser compradas atrav\u00e9s do site oficial Skokka.com.<\/p>\n\n\n\n<p><strong>Skokka NUNCA ir\u00e1 solicitar:<\/strong><\/p>\n\n\n\n<ul class=\"wp-block-list\"><li>Dados pessoais de anunciantes e\/ou usu\u00e1rios<\/li><li>Informa\u00e7\u00f5es sobre a conta de e-mail ou a senha atrav\u00e9s da qual se acessa pessoalmente o site (acesso \u00e0 \u00e1rea privada).<\/li><li>Fotografias pessoais.<\/li><li>N\u00e3o interferimos na comunica\u00e7\u00e3o entre o usu\u00e1rio e o anunciante.<\/li><li>Pagamento de dinheiro ou informa\u00e7\u00f5es pessoais sobre dados banc\u00e1rios.<\/li><\/ul>\n\n\n\n<div class=\"wp-block-columns is-layout-flex wp-container-core-columns-is-layout-9d6595d7 wp-block-columns-is-layout-flex\">\n<div class=\"wp-block-column is-layout-flow wp-block-column-is-layout-flow\">\n<figure class=\"wp-block-image size-large\"><img loading=\"lazy\" decoding=\"async\" width=\"768\" height=\"768\" src=\"https:\/\/blog.skokka.com\/br\/wp-content\/uploads\/sites\/2\/2022\/07\/01_PT-1.jpg\" alt=\"\" class=\"wp-image-12158\" srcset=\"https:\/\/blog.skokka.com\/br\/wp-content\/uploads\/sites\/2\/2022\/07\/01_PT-1.jpg 768w, https:\/\/blog.skokka.com\/br\/wp-content\/uploads\/sites\/2\/2022\/07\/01_PT-1-300x300.jpg 300w, https:\/\/blog.skokka.com\/br\/wp-content\/uploads\/sites\/2\/2022\/07\/01_PT-1-150x150.jpg 150w, https:\/\/blog.skokka.com\/br\/wp-content\/uploads\/sites\/2\/2022\/07\/01_PT-1-176x176.jpg 176w, https:\/\/blog.skokka.com\/br\/wp-content\/uploads\/sites\/2\/2022\/07\/01_PT-1-60x60.jpg 60w, https:\/\/blog.skokka.com\/br\/wp-content\/uploads\/sites\/2\/2022\/07\/01_PT-1-624x624.jpg 624w\" sizes=\"auto, (max-width: 768px) 100vw, 768px\" \/><\/figure>\n<\/div>\n\n\n\n<div class=\"wp-block-column is-layout-flow wp-block-column-is-layout-flow\">\n<figure class=\"wp-block-image size-large\"><img loading=\"lazy\" decoding=\"async\" width=\"768\" height=\"768\" src=\"https:\/\/blog.skokka.com\/br\/wp-content\/uploads\/sites\/2\/2022\/07\/02_PT-1.jpg\" alt=\"\" class=\"wp-image-12159\" srcset=\"https:\/\/blog.skokka.com\/br\/wp-content\/uploads\/sites\/2\/2022\/07\/02_PT-1.jpg 768w, https:\/\/blog.skokka.com\/br\/wp-content\/uploads\/sites\/2\/2022\/07\/02_PT-1-300x300.jpg 300w, https:\/\/blog.skokka.com\/br\/wp-content\/uploads\/sites\/2\/2022\/07\/02_PT-1-150x150.jpg 150w, https:\/\/blog.skokka.com\/br\/wp-content\/uploads\/sites\/2\/2022\/07\/02_PT-1-176x176.jpg 176w, https:\/\/blog.skokka.com\/br\/wp-content\/uploads\/sites\/2\/2022\/07\/02_PT-1-60x60.jpg 60w, https:\/\/blog.skokka.com\/br\/wp-content\/uploads\/sites\/2\/2022\/07\/02_PT-1-624x624.jpg 624w\" sizes=\"auto, (max-width: 768px) 100vw, 768px\" \/><\/figure>\n<\/div>\n\n\n\n<div class=\"wp-block-column is-layout-flow wp-block-column-is-layout-flow\">\n<figure class=\"wp-block-image size-large\"><img loading=\"lazy\" decoding=\"async\" width=\"768\" height=\"768\" src=\"https:\/\/blog.skokka.com\/br\/wp-content\/uploads\/sites\/2\/2022\/07\/03_PT-1.jpg\" alt=\"\" class=\"wp-image-12160\" srcset=\"https:\/\/blog.skokka.com\/br\/wp-content\/uploads\/sites\/2\/2022\/07\/03_PT-1.jpg 768w, https:\/\/blog.skokka.com\/br\/wp-content\/uploads\/sites\/2\/2022\/07\/03_PT-1-300x300.jpg 300w, https:\/\/blog.skokka.com\/br\/wp-content\/uploads\/sites\/2\/2022\/07\/03_PT-1-150x150.jpg 150w, https:\/\/blog.skokka.com\/br\/wp-content\/uploads\/sites\/2\/2022\/07\/03_PT-1-176x176.jpg 176w, https:\/\/blog.skokka.com\/br\/wp-content\/uploads\/sites\/2\/2022\/07\/03_PT-1-60x60.jpg 60w, https:\/\/blog.skokka.com\/br\/wp-content\/uploads\/sites\/2\/2022\/07\/03_PT-1-624x624.jpg 624w\" sizes=\"auto, (max-width: 768px) 100vw, 768px\" \/><\/figure>\n<\/div>\n<\/div>\n\n\n\n<p><h2>Skokka adverte sobre amea\u00e7as de morte<\/h2><br>Estas amea\u00e7as que os extorcionistas fazem atrav\u00e9s da cria\u00e7\u00e3o de um an\u00fancio em nosso portal, consistem no seguinte:<\/p>\n\n\n\n<p>Eles criam um perfil e, fazendo-se passar por um anunciante, oferecem seus servi\u00e7os. \u00c9 atrav\u00e9s deste an\u00fancio que estas pessoas fazem contato com os usu\u00e1rios e obt\u00eam informa\u00e7\u00f5es particulares, tais como n\u00fameros de telefone ou certos dados pessoais.<\/p>\n\n\n\n<p><h2>Skokka adverte sobre fraudes<\/h2><br>Tamb\u00e9m tomamos conhecimento de outra fraude. \u00c9 um documento com um carimbo e assinado. Neste caso, trata-se de &#8220;uma suposta multa que Skokka gera pelo uso indevido da conta&#8221;. O QUE \u00c9 COMPLETAMENTE FALSO.<\/p>\n\n\n\n<p>Em Skokka reiteramos que <strong>NUNCA intermediamos a rela\u00e7\u00e3o entre anunciantes e usu\u00e1rios<\/strong>, portanto confirmamos que este documento \u00e9 FALSO e n\u00e3o \u00e9 de um representante de Skokka. Assim como o selo anexo ao documento.<\/p>\n\n\n\n<p>Portanto, Skokka recomenda ignor\u00e1-lo completamente ou entrar em contato conosco atrav\u00e9s de nossa equipe de suporte a fim de parar sua circula\u00e7\u00e3o.<\/p>\n\n\n\n<p>Em Skokka estamos cientes dos danos que estes golpes e amea\u00e7as causam a muitos de nossos usu\u00e1rios e anunciantes, bem como a nossa pr\u00f3pria marca, <strong>ao comprometer a seguran\u00e7a e a imagem de nosso site.<\/strong><br>No caso de receber uma <strong>mensagem suspeita<\/strong>, por favor, <strong>informe imediatamente ao departamento de suporte<\/strong> Skokka para que possam agir em conformidade.<\/p>\n\n\n\n<figure class=\"wp-block-image size-large\"><img loading=\"lazy\" decoding=\"async\" width=\"680\" height=\"340\" src=\"https:\/\/blog.skokka.com\/br\/wp-content\/uploads\/sites\/2\/2022\/07\/FIP-6SAWUAUl_eT.jpg\" alt=\"Skokka contato\" class=\"wp-image-12164\" srcset=\"https:\/\/blog.skokka.com\/br\/wp-content\/uploads\/sites\/2\/2022\/07\/FIP-6SAWUAUl_eT.jpg 680w, https:\/\/blog.skokka.com\/br\/wp-content\/uploads\/sites\/2\/2022\/07\/FIP-6SAWUAUl_eT-300x150.jpg 300w, https:\/\/blog.skokka.com\/br\/wp-content\/uploads\/sites\/2\/2022\/07\/FIP-6SAWUAUl_eT-624x312.jpg 624w\" sizes=\"auto, (max-width: 680px) 100vw, 680px\" \/><\/figure>\n","protected":false},"excerpt":{"rendered":"<p>Em Skokka, detectamos uma s\u00e9rie de fraudes e amea\u00e7as que est\u00e3o chegando aos usu\u00e1rios e anunciantes de nosso portal atrav\u00e9s de an\u00fancios falsos. Queremos, atrav\u00e9s desta declara\u00e7\u00e3o, transmitir que Skokka est\u00e1 ciente disso e trabalhamos para evit\u00e1-lo. \u00c9 por isso que, al\u00e9m dos avisos em todas as nossas redes sociais que lan\u00e7amos para alertar sobre [&#8230;]<\/p>\n","protected":false},"author":1,"featured_media":0,"parent":0,"menu_order":0,"comment_status":"closed","ping_status":"closed","template":"","meta":{"footnotes":""},"class_list":["post-12151","page","type-page","status-publish","hentry"],"yoast_head":"<!-- This site is optimized with the Yoast SEO plugin v27.1.1 - https:\/\/yoast.com\/product\/yoast-seo-wordpress\/ -->\n<title>Skokka adverte aos usu\u00e1rios sobre amea\u00e7as e fraudes - Blog oficial do Skokka<\/title>\n<meta name=\"robots\" content=\"index, follow, max-snippet:-1, max-image-preview:large, max-video-preview:-1\" \/>\n<link rel=\"canonical\" href=\"https:\/\/blog.skokka.com\/br\/skokka-adverte-ameacas-fraudes\/\" \/>\n<meta property=\"og:locale\" content=\"pt_BR\" \/>\n<meta property=\"og:type\" content=\"article\" \/>\n<meta property=\"og:title\" content=\"Skokka adverte aos usu\u00e1rios sobre amea\u00e7as e fraudes - Blog oficial do Skokka\" \/>\n<meta property=\"og:description\" content=\"Em Skokka, detectamos uma s\u00e9rie de fraudes e amea\u00e7as que est\u00e3o chegando aos usu\u00e1rios e anunciantes de nosso portal atrav\u00e9s de an\u00fancios falsos. Queremos, atrav\u00e9s desta declara\u00e7\u00e3o, transmitir que Skokka est\u00e1 ciente disso e trabalhamos para evit\u00e1-lo. \u00c9 por isso que, al\u00e9m dos avisos em todas as nossas redes sociais que lan\u00e7amos para alertar sobre [...]\" \/>\n<meta property=\"og:url\" content=\"https:\/\/blog.skokka.com\/br\/skokka-adverte-ameacas-fraudes\/\" \/>\n<meta property=\"og:site_name\" content=\"Blog oficial do Skokka\" \/>\n<meta property=\"article:modified_time\" content=\"2022-07-12T15:34:03+00:00\" \/>\n<meta property=\"og:image\" content=\"https:\/\/blog.skokka.com\/br\/wp-content\/uploads\/sites\/2\/2022\/07\/01_PT-1.jpg\" \/>\n<meta name=\"twitter:card\" content=\"summary_large_image\" \/>\n<meta name=\"twitter:label1\" content=\"Est. tempo de leitura\" \/>\n\t<meta name=\"twitter:data1\" content=\"2 minutos\" \/>\n<script type=\"application\/ld+json\" class=\"yoast-schema-graph\">{\"@context\":\"https:\/\/schema.org\",\"@graph\":[{\"@type\":\"WebPage\",\"@id\":\"https:\/\/blog.skokka.com\/br\/skokka-adverte-ameacas-fraudes\/\",\"url\":\"https:\/\/blog.skokka.com\/br\/skokka-adverte-ameacas-fraudes\/\",\"name\":\"Skokka adverte aos usu\u00e1rios sobre amea\u00e7as e fraudes - Blog oficial do Skokka\",\"isPartOf\":{\"@id\":\"https:\/\/blog.skokka.com\/br\/#website\"},\"primaryImageOfPage\":{\"@id\":\"https:\/\/blog.skokka.com\/br\/skokka-adverte-ameacas-fraudes\/#primaryimage\"},\"image\":{\"@id\":\"https:\/\/blog.skokka.com\/br\/skokka-adverte-ameacas-fraudes\/#primaryimage\"},\"thumbnailUrl\":\"https:\/\/blog.skokka.com\/br\/wp-content\/uploads\/sites\/2\/2022\/07\/01_PT-1.jpg\",\"datePublished\":\"2022-07-12T14:18:10+00:00\",\"dateModified\":\"2022-07-12T15:34:03+00:00\",\"breadcrumb\":{\"@id\":\"https:\/\/blog.skokka.com\/br\/skokka-adverte-ameacas-fraudes\/#breadcrumb\"},\"inLanguage\":\"pt-BR\",\"potentialAction\":[{\"@type\":\"ReadAction\",\"target\":[\"https:\/\/blog.skokka.com\/br\/skokka-adverte-ameacas-fraudes\/\"]}]},{\"@type\":\"ImageObject\",\"inLanguage\":\"pt-BR\",\"@id\":\"https:\/\/blog.skokka.com\/br\/skokka-adverte-ameacas-fraudes\/#primaryimage\",\"url\":\"https:\/\/blog.skokka.com\/br\/wp-content\/uploads\/sites\/2\/2022\/07\/01_PT-1.jpg\",\"contentUrl\":\"https:\/\/blog.skokka.com\/br\/wp-content\/uploads\/sites\/2\/2022\/07\/01_PT-1.jpg\",\"width\":768,\"height\":768},{\"@type\":\"BreadcrumbList\",\"@id\":\"https:\/\/blog.skokka.com\/br\/skokka-adverte-ameacas-fraudes\/#breadcrumb\",\"itemListElement\":[{\"@type\":\"ListItem\",\"position\":1,\"name\":\"Home\",\"item\":\"https:\/\/blog.skokka.com\/br\/\"},{\"@type\":\"ListItem\",\"position\":2,\"name\":\"Skokka adverte aos usu\u00e1rios sobre amea\u00e7as e fraudes\"}]},{\"@type\":\"WebSite\",\"@id\":\"https:\/\/blog.skokka.com\/br\/#website\",\"url\":\"https:\/\/blog.skokka.com\/br\/\",\"name\":\"Blog oficial do Skokka\",\"description\":\"Skokka Brasil\",\"publisher\":{\"@id\":\"https:\/\/blog.skokka.com\/br\/#organization\"},\"potentialAction\":[{\"@type\":\"SearchAction\",\"target\":{\"@type\":\"EntryPoint\",\"urlTemplate\":\"https:\/\/blog.skokka.com\/br\/?s={search_term_string}\"},\"query-input\":{\"@type\":\"PropertyValueSpecification\",\"valueRequired\":true,\"valueName\":\"search_term_string\"}}],\"inLanguage\":\"pt-BR\"},{\"@type\":\"Organization\",\"@id\":\"https:\/\/blog.skokka.com\/br\/#organization\",\"name\":\"Skokka\",\"url\":\"https:\/\/blog.skokka.com\/br\/\",\"logo\":{\"@type\":\"ImageObject\",\"inLanguage\":\"pt-BR\",\"@id\":\"https:\/\/blog.skokka.com\/br\/#\/schema\/logo\/image\/\",\"url\":\"https:\/\/blog.skokka.com\/br\/wp-content\/uploads\/sites\/2\/2017\/11\/logo_skokka-1.png\",\"contentUrl\":\"https:\/\/blog.skokka.com\/br\/wp-content\/uploads\/sites\/2\/2017\/11\/logo_skokka-1.png\",\"width\":300,\"height\":300,\"caption\":\"Skokka\"},\"image\":{\"@id\":\"https:\/\/blog.skokka.com\/br\/#\/schema\/logo\/image\/\"}}]}<\/script>\n<!-- \/ Yoast SEO plugin. -->","yoast_head_json":{"title":"Skokka adverte aos usu\u00e1rios sobre amea\u00e7as e fraudes - Blog oficial do Skokka","robots":{"index":"index","follow":"follow","max-snippet":"max-snippet:-1","max-image-preview":"max-image-preview:large","max-video-preview":"max-video-preview:-1"},"canonical":"https:\/\/blog.skokka.com\/br\/skokka-adverte-ameacas-fraudes\/","og_locale":"pt_BR","og_type":"article","og_title":"Skokka adverte aos usu\u00e1rios sobre amea\u00e7as e fraudes - Blog oficial do Skokka","og_description":"Em Skokka, detectamos uma s\u00e9rie de fraudes e amea\u00e7as que est\u00e3o chegando aos usu\u00e1rios e anunciantes de nosso portal atrav\u00e9s de an\u00fancios falsos. Queremos, atrav\u00e9s desta declara\u00e7\u00e3o, transmitir que Skokka est\u00e1 ciente disso e trabalhamos para evit\u00e1-lo. \u00c9 por isso que, al\u00e9m dos avisos em todas as nossas redes sociais que lan\u00e7amos para alertar sobre [...]","og_url":"https:\/\/blog.skokka.com\/br\/skokka-adverte-ameacas-fraudes\/","og_site_name":"Blog oficial do Skokka","article_modified_time":"2022-07-12T15:34:03+00:00","og_image":[{"url":"https:\/\/blog.skokka.com\/br\/wp-content\/uploads\/sites\/2\/2022\/07\/01_PT-1.jpg","type":"","width":"","height":""}],"twitter_card":"summary_large_image","twitter_misc":{"Est. tempo de leitura":"2 minutos"},"schema":{"@context":"https:\/\/schema.org","@graph":[{"@type":"WebPage","@id":"https:\/\/blog.skokka.com\/br\/skokka-adverte-ameacas-fraudes\/","url":"https:\/\/blog.skokka.com\/br\/skokka-adverte-ameacas-fraudes\/","name":"Skokka adverte aos usu\u00e1rios sobre amea\u00e7as e fraudes - Blog oficial do Skokka","isPartOf":{"@id":"https:\/\/blog.skokka.com\/br\/#website"},"primaryImageOfPage":{"@id":"https:\/\/blog.skokka.com\/br\/skokka-adverte-ameacas-fraudes\/#primaryimage"},"image":{"@id":"https:\/\/blog.skokka.com\/br\/skokka-adverte-ameacas-fraudes\/#primaryimage"},"thumbnailUrl":"https:\/\/blog.skokka.com\/br\/wp-content\/uploads\/sites\/2\/2022\/07\/01_PT-1.jpg","datePublished":"2022-07-12T14:18:10+00:00","dateModified":"2022-07-12T15:34:03+00:00","breadcrumb":{"@id":"https:\/\/blog.skokka.com\/br\/skokka-adverte-ameacas-fraudes\/#breadcrumb"},"inLanguage":"pt-BR","potentialAction":[{"@type":"ReadAction","target":["https:\/\/blog.skokka.com\/br\/skokka-adverte-ameacas-fraudes\/"]}]},{"@type":"ImageObject","inLanguage":"pt-BR","@id":"https:\/\/blog.skokka.com\/br\/skokka-adverte-ameacas-fraudes\/#primaryimage","url":"https:\/\/blog.skokka.com\/br\/wp-content\/uploads\/sites\/2\/2022\/07\/01_PT-1.jpg","contentUrl":"https:\/\/blog.skokka.com\/br\/wp-content\/uploads\/sites\/2\/2022\/07\/01_PT-1.jpg","width":768,"height":768},{"@type":"BreadcrumbList","@id":"https:\/\/blog.skokka.com\/br\/skokka-adverte-ameacas-fraudes\/#breadcrumb","itemListElement":[{"@type":"ListItem","position":1,"name":"Home","item":"https:\/\/blog.skokka.com\/br\/"},{"@type":"ListItem","position":2,"name":"Skokka adverte aos usu\u00e1rios sobre amea\u00e7as e fraudes"}]},{"@type":"WebSite","@id":"https:\/\/blog.skokka.com\/br\/#website","url":"https:\/\/blog.skokka.com\/br\/","name":"Blog oficial do Skokka","description":"Skokka Brasil","publisher":{"@id":"https:\/\/blog.skokka.com\/br\/#organization"},"potentialAction":[{"@type":"SearchAction","target":{"@type":"EntryPoint","urlTemplate":"https:\/\/blog.skokka.com\/br\/?s={search_term_string}"},"query-input":{"@type":"PropertyValueSpecification","valueRequired":true,"valueName":"search_term_string"}}],"inLanguage":"pt-BR"},{"@type":"Organization","@id":"https:\/\/blog.skokka.com\/br\/#organization","name":"Skokka","url":"https:\/\/blog.skokka.com\/br\/","logo":{"@type":"ImageObject","inLanguage":"pt-BR","@id":"https:\/\/blog.skokka.com\/br\/#\/schema\/logo\/image\/","url":"https:\/\/blog.skokka.com\/br\/wp-content\/uploads\/sites\/2\/2017\/11\/logo_skokka-1.png","contentUrl":"https:\/\/blog.skokka.com\/br\/wp-content\/uploads\/sites\/2\/2017\/11\/logo_skokka-1.png","width":300,"height":300,"caption":"Skokka"},"image":{"@id":"https:\/\/blog.skokka.com\/br\/#\/schema\/logo\/image\/"}}]}},"_links":{"self":[{"href":"https:\/\/blog.skokka.com\/br\/wp-json\/wp\/v2\/pages\/12151","targetHints":{"allow":["GET"]}}],"collection":[{"href":"https:\/\/blog.skokka.com\/br\/wp-json\/wp\/v2\/pages"}],"about":[{"href":"https:\/\/blog.skokka.com\/br\/wp-json\/wp\/v2\/types\/page"}],"author":[{"embeddable":true,"href":"https:\/\/blog.skokka.com\/br\/wp-json\/wp\/v2\/users\/1"}],"replies":[{"embeddable":true,"href":"https:\/\/blog.skokka.com\/br\/wp-json\/wp\/v2\/comments?post=12151"}],"version-history":[{"count":6,"href":"https:\/\/blog.skokka.com\/br\/wp-json\/wp\/v2\/pages\/12151\/revisions"}],"predecessor-version":[{"id":12169,"href":"https:\/\/blog.skokka.com\/br\/wp-json\/wp\/v2\/pages\/12151\/revisions\/12169"}],"wp:attachment":[{"href":"https:\/\/blog.skokka.com\/br\/wp-json\/wp\/v2\/media?parent=12151"}],"curies":[{"name":"wp","href":"https:\/\/api.w.org\/{rel}","templated":true}]}}